{"id":5319,"date":"2022-04-29T14:35:15","date_gmt":"2022-04-29T12:35:15","guid":{"rendered":"https:\/\/www.invityou.com\/?page_id=5319"},"modified":"2026-04-07T20:58:34","modified_gmt":"2026-04-07T18:58:34","slug":"legal-notice","status":"publish","type":"page","link":"https:\/\/www.invityou.com\/en\/legal-notice\/","title":{"rendered":"Legal notice"},"content":{"rendered":"<h2>Website Publisher<\/h2>\n<p>Legal notice : This website, <a href=\"https:\/\/www.invityou.com\/en\/\">www.invityou.com<\/a> (hereinafter referred to as the \u201cSite\u201d), is published by CORPO\u2019EVENTS, the exclusive owner. The company\u2019s contact details are as follows:<\/p>\n<p>CORPO\u2019EVENTS, \u201cSoci\u00e9t\u00e9 par actions simplifi\u00e9e\u201d (SAS) with a capital of \u20ac63,320, registered in the \u201cRegistre du Commerce et des Soci\u00e9t\u00e9s de Montpellier\u201d under number 484 434 477, with its headquarters located at 1415, Avenue Albert Einstein, 34000 Montpellier, FRANCE.<\/p>\n<h3>Publication Director<\/h3>\n<p>The Publication Director of the Site is Mr. Marc TUDELA, acting as President of CORPO\u2019EVENTS.<\/p>\n<hr \/>\n<h2>Website Hosting Provider<\/h2>\n<p>Your Personal Data is hosted by OVHCloud.<\/p>\n<p>OVH \u2013 SAS with a capital of \u20ac10,174,560<br \/>\nRegistered office: 2, Rue Kellermann, 59100 Roubaix, FRANCE<br \/>\nRCS Lille M\u00e9tropole 424 761 419 00045<br \/>\nCode APE 2620Z<br \/>\nN\u00b0 TVA : FR 22 424 761 419<\/p>\n<hr \/>\n<h2>Personal Data<\/h2>\n<p>Committed to respecting French and European regulations applicable to personal data processing, CORPO\u2019EVENTS informs you that the processing of your data is governed by a Privacy &amp; Cookies Policy, which you can consult <a href=\"https:\/\/www.invityou.com\/en\/privacy\/\">by clicking above<\/a>.<\/p>\n<hr \/>\n<h2>Contact Us<\/h2>\n<p data-start=\"1384\" data-end=\"1488\">For any questions, requests, or concerns regarding your personal data or this policy, please contact us.<\/p>\n<ul>\n<li>You can reach us by email at: <a href=\"mailto:contact@corpo-events.fr\">contact@corpo-events.fr<\/a><\/li>\n<li>You can also write to us at: CORPO\u2019EVENTS, 1415, Avenue Albert Einstein, 34000 Montpellier, FRANCE<\/li>\n<\/ul>\n<p data-start=\"1647\" data-end=\"1705\">Our team will respond to your request as soon as possible.<\/p>\n","protected":false},"excerpt":{"rendered":"<p>Website Publisher Legal notice : This website, www.invityou.com (hereinafter referred to as the \u201cSite\u201d), is published by CORPO\u2019EVENTS, the exclusive owner. The company\u2019s contact details are as follows: CORPO\u2019EVENTS, \u201cSoci\u00e9t\u00e9 par actions simplifi\u00e9e\u201d (SAS) with a capital of \u20ac63,320, registered in the \u201cRegistre du Commerce et des Soci\u00e9t\u00e9s de Montpellier\u201d under number 484 434 477, [&hellip;]<\/p>\n","protected":false},"author":1,"featured_media":0,"parent":0,"menu_order":0,"comment_status":"closed","ping_status":"closed","template":"","meta":{"_acf_changed":false,"inline_featured_image":false,"footnotes":""},"class_list":["post-5319","page","type-page","status-publish","hentry"],"acf":[],"yoast_head":"<!-- This site is optimized with the Yoast SEO plugin v27.4 - https:\/\/yoast.com\/product\/yoast-seo-wordpress\/ -->\n<title>Legal notice - InvitYou<\/title>\n<meta name=\"description\" content=\"Legal notice about InvitYou: website publisher, hosting provider, personal data policy and contact details of CORPO\u2019EVENTS.\" \/>\n<meta name=\"robots\" content=\"index, follow, max-snippet:-1, max-image-preview:large, max-video-preview:-1\" \/>\n<link rel=\"canonical\" href=\"https:\/\/www.invityou.com\/en\/legal-notice\/\" \/>\n<meta property=\"og:locale\" content=\"en_US\" \/>\n<meta property=\"og:type\" content=\"article\" \/>\n<meta property=\"og:title\" content=\"Legal notice - InvitYou\" \/>\n<meta property=\"og:description\" content=\"Legal notice about InvitYou: website publisher, hosting provider, personal data policy and contact details of CORPO\u2019EVENTS.\" \/>\n<meta property=\"og:url\" content=\"https:\/\/www.invityou.com\/en\/legal-notice\/\" \/>\n<meta property=\"og:site_name\" content=\"InvitYou\" \/>\n<meta property=\"article:publisher\" content=\"https:\/\/www.facebook.com\/pages\/CorpoEvents\/167858103417650\" \/>\n<meta property=\"article:modified_time\" content=\"2026-04-07T18:58:34+00:00\" \/>\n<meta name=\"twitter:card\" content=\"summary_large_image\" \/>\n<meta name=\"twitter:site\" content=\"@corpo_events\" \/>\n<meta name=\"twitter:label1\" content=\"Est. reading time\" \/>\n\t<meta name=\"twitter:data1\" content=\"2 minutes\" \/>\n<script type=\"application\/ld+json\" class=\"yoast-schema-graph\">{\"@context\":\"https:\\\/\\\/schema.org\",\"@graph\":[{\"@type\":\"WebPage\",\"@id\":\"https:\\\/\\\/www.invityou.com\\\/en\\\/legal-notice\\\/\",\"url\":\"https:\\\/\\\/www.invityou.com\\\/en\\\/legal-notice\\\/\",\"name\":\"Legal notice - InvitYou\",\"isPartOf\":{\"@id\":\"https:\\\/\\\/www.invityou.com\\\/en\\\/#website\"},\"datePublished\":\"2022-04-29T12:35:15+00:00\",\"dateModified\":\"2026-04-07T18:58:34+00:00\",\"description\":\"Legal notice about InvitYou: website publisher, hosting provider, personal data policy and contact details of CORPO\u2019EVENTS.\",\"inLanguage\":\"en-US\",\"potentialAction\":[{\"@type\":\"ReadAction\",\"target\":[\"https:\\\/\\\/www.invityou.com\\\/en\\\/legal-notice\\\/\"]}]},{\"@type\":\"WebSite\",\"@id\":\"https:\\\/\\\/www.invityou.com\\\/en\\\/#website\",\"url\":\"https:\\\/\\\/www.invityou.com\\\/en\\\/\",\"name\":\"InvitYou\",\"description\":\"Outil de gestion \u00e9v\u00e9nementiel\",\"publisher\":{\"@id\":\"https:\\\/\\\/www.invityou.com\\\/en\\\/#organization\"},\"potentialAction\":[{\"@type\":\"SearchAction\",\"target\":{\"@type\":\"EntryPoint\",\"urlTemplate\":\"https:\\\/\\\/www.invityou.com\\\/en\\\/?s={search_term_string}\"},\"query-input\":{\"@type\":\"PropertyValueSpecification\",\"valueRequired\":true,\"valueName\":\"search_term_string\"}}],\"inLanguage\":\"en-US\"},{\"@type\":\"Organization\",\"@id\":\"https:\\\/\\\/www.invityou.com\\\/en\\\/#organization\",\"name\":\"InvitYou by CorpoEvents\",\"url\":\"https:\\\/\\\/www.invityou.com\\\/en\\\/\",\"logo\":{\"@type\":\"ImageObject\",\"inLanguage\":\"en-US\",\"@id\":\"https:\\\/\\\/www.invityou.com\\\/en\\\/#\\\/schema\\\/logo\\\/image\\\/\",\"url\":\"https:\\\/\\\/www.invityou.com\\\/wp-content\\\/uploads\\\/2022\\\/05\\\/cropped-android-chrome-512x512-1.png\",\"contentUrl\":\"https:\\\/\\\/www.invityou.com\\\/wp-content\\\/uploads\\\/2022\\\/05\\\/cropped-android-chrome-512x512-1.png\",\"width\":512,\"height\":512,\"caption\":\"InvitYou by CorpoEvents\"},\"image\":{\"@id\":\"https:\\\/\\\/www.invityou.com\\\/en\\\/#\\\/schema\\\/logo\\\/image\\\/\"},\"sameAs\":[\"https:\\\/\\\/www.facebook.com\\\/pages\\\/CorpoEvents\\\/167858103417650\",\"https:\\\/\\\/x.com\\\/corpo_events\",\"https:\\\/\\\/www.linkedin.com\\\/company\\\/corpoevents\"]}]}<\/script>\n<!-- \/ Yoast SEO plugin. -->","yoast_head_json":{"title":"Legal notice - InvitYou","description":"Legal notice about InvitYou: website publisher, hosting provider, personal data policy and contact details of CORPO\u2019EVENTS.","robots":{"index":"index","follow":"follow","max-snippet":"max-snippet:-1","max-image-preview":"max-image-preview:large","max-video-preview":"max-video-preview:-1"},"canonical":"https:\/\/www.invityou.com\/en\/legal-notice\/","og_locale":"en_US","og_type":"article","og_title":"Legal notice - InvitYou","og_description":"Legal notice about InvitYou: website publisher, hosting provider, personal data policy and contact details of CORPO\u2019EVENTS.","og_url":"https:\/\/www.invityou.com\/en\/legal-notice\/","og_site_name":"InvitYou","article_publisher":"https:\/\/www.facebook.com\/pages\/CorpoEvents\/167858103417650","article_modified_time":"2026-04-07T18:58:34+00:00","twitter_card":"summary_large_image","twitter_site":"@corpo_events","twitter_misc":{"Est. reading time":"2 minutes"},"schema":{"@context":"https:\/\/schema.org","@graph":[{"@type":"WebPage","@id":"https:\/\/www.invityou.com\/en\/legal-notice\/","url":"https:\/\/www.invityou.com\/en\/legal-notice\/","name":"Legal notice - InvitYou","isPartOf":{"@id":"https:\/\/www.invityou.com\/en\/#website"},"datePublished":"2022-04-29T12:35:15+00:00","dateModified":"2026-04-07T18:58:34+00:00","description":"Legal notice about InvitYou: website publisher, hosting provider, personal data policy and contact details of CORPO\u2019EVENTS.","inLanguage":"en-US","potentialAction":[{"@type":"ReadAction","target":["https:\/\/www.invityou.com\/en\/legal-notice\/"]}]},{"@type":"WebSite","@id":"https:\/\/www.invityou.com\/en\/#website","url":"https:\/\/www.invityou.com\/en\/","name":"InvitYou","description":"Outil de gestion \u00e9v\u00e9nementiel","publisher":{"@id":"https:\/\/www.invityou.com\/en\/#organization"},"potentialAction":[{"@type":"SearchAction","target":{"@type":"EntryPoint","urlTemplate":"https:\/\/www.invityou.com\/en\/?s={search_term_string}"},"query-input":{"@type":"PropertyValueSpecification","valueRequired":true,"valueName":"search_term_string"}}],"inLanguage":"en-US"},{"@type":"Organization","@id":"https:\/\/www.invityou.com\/en\/#organization","name":"InvitYou by CorpoEvents","url":"https:\/\/www.invityou.com\/en\/","logo":{"@type":"ImageObject","inLanguage":"en-US","@id":"https:\/\/www.invityou.com\/en\/#\/schema\/logo\/image\/","url":"https:\/\/www.invityou.com\/wp-content\/uploads\/2022\/05\/cropped-android-chrome-512x512-1.png","contentUrl":"https:\/\/www.invityou.com\/wp-content\/uploads\/2022\/05\/cropped-android-chrome-512x512-1.png","width":512,"height":512,"caption":"InvitYou by CorpoEvents"},"image":{"@id":"https:\/\/www.invityou.com\/en\/#\/schema\/logo\/image\/"},"sameAs":["https:\/\/www.facebook.com\/pages\/CorpoEvents\/167858103417650","https:\/\/x.com\/corpo_events","https:\/\/www.linkedin.com\/company\/corpoevents"]}]}},"_links":{"self":[{"href":"https:\/\/www.invityou.com\/en\/wp-json\/wp\/v2\/pages\/5319","targetHints":{"allow":["GET"]}}],"collection":[{"href":"https:\/\/www.invityou.com\/en\/wp-json\/wp\/v2\/pages"}],"about":[{"href":"https:\/\/www.invityou.com\/en\/wp-json\/wp\/v2\/types\/page"}],"author":[{"embeddable":true,"href":"https:\/\/www.invityou.com\/en\/wp-json\/wp\/v2\/users\/1"}],"replies":[{"embeddable":true,"href":"https:\/\/www.invityou.com\/en\/wp-json\/wp\/v2\/comments?post=5319"}],"version-history":[{"count":2,"href":"https:\/\/www.invityou.com\/en\/wp-json\/wp\/v2\/pages\/5319\/revisions"}],"predecessor-version":[{"id":5895,"href":"https:\/\/www.invityou.com\/en\/wp-json\/wp\/v2\/pages\/5319\/revisions\/5895"}],"wp:attachment":[{"href":"https:\/\/www.invityou.com\/en\/wp-json\/wp\/v2\/media?parent=5319"}],"curies":[{"name":"wp","href":"https:\/\/api.w.org\/{rel}","templated":true}]}}