{"id":5325,"date":"2023-05-17T14:23:52","date_gmt":"2023-05-17T12:23:52","guid":{"rendered":"https:\/\/www.invityou.com\/?page_id=5325"},"modified":"2026-04-07T20:48:58","modified_gmt":"2026-04-07T18:48:58","slug":"privacy-cookies-policy","status":"publish","type":"page","link":"https:\/\/www.invityou.com\/en\/privacy-cookies-policy\/","title":{"rendered":"Privacy &amp; Cookies Policy"},"content":{"rendered":"<h2>Purpose of the privacy policy<\/h2>\n<p>Privacy &amp; Cookies Policy : CORPO\u2019EVENTS attaches great importance to your privacy and takes its responsibilities regarding the processing of your personal data seriously, in accordance with Regulation (EU) 2016\/679 of the European Parliament and of the Council of 27 April 2016 on the protection of natural persons with regard to the processing of personal data and on the free movement of such data (hereinafter referred to as the \u201cGDPR\u201d).<\/p>\n<p>To allow you to browse and use the website www.invityou.com (hereinafter referred to as the \u201cSite\u201d) in accordance with the GDPR, this privacy &amp; cookies policy (hereinafter referred to as the \u201cPolicy\u201d) informs you of how CORPO\u2019EVENTS collects, uses, and discloses your personal data (hereinafter referred to as \u201cPersonal Data\u201d).<\/p>\n<p>Personal Data is defined as any information relating to an identified or identifiable natural person, in particular by reference to an identifier, such as a name, identification number, location data, an online identifier or to one or more factors specific to their physical, physiological, genetic, mental, economic, cultural, or social identity.<\/p>\n<h2>Nature of the personal data collected<\/h2>\n<p>CORPO\u2019EVENTS may collect Personal Data concerning you as detailed below.<\/p>\n<p>By providing this Personal Data, you expressly consent to it being processed by CORPO\u2019EVENTS for the purposes indicated in Article 4 of this Policy.<\/p>\n<p>The Personal Data that CORPO\u2019EVENTS collects directly from you or from the organization you work for may include:<\/p>\n<ol>\n<li aria-level=\"1\">Contact details, such as your name, email address, postal address, phone number, and profession, which you send to CORPO\u2019EVENTS as part of demo\/quote requests;<\/li>\n<li aria-level=\"1\">Comments and other information you provide to CORPO\u2019EVENTS, including questions and information you send as part of demo\/quote requests;<\/li>\n<li aria-level=\"1\">Your interests and communication preferences, including your preferred language for browsing our Site.<\/li>\n<\/ol>\n<p>Identity and contact details of the data controller : The data controller of your personal data is CORPO\u2019EVENTS, \u201cSoci\u00e9t\u00e9 par actions simplifi\u00e9e\u201d (SAS) registered in the \u201cRegistre du Commerce et des Soci\u00e9t\u00e9s de Montpellier\u201d under number 484 434 477, with its headquarters located at 1415, Avenue Albert Einstein, 34000 Montpellier, FRANCE<\/p>\n<h2>Legal bases and purposes of processing your personal data<\/h2>\n<p>CORPO\u2019EVENTS may process your personal data based on the legal grounds and for the purposes described below:<\/p>\n<h3>Legal bases for processing your personal data<\/h3>\n<p>CORPO\u2019EVENTS collects your personal data on the basis of the consent you provide when you submit a demo\/quote request via the Site.<\/p>\n<h3>Purposes of processing your personal data<\/h3>\n<p>CORPO\u2019EVENTS processes your personal data in order to respond to your demo\/quote requests.<\/p>\n<h2>Recipients of personal data<\/h2>\n<p>CORPO\u2019EVENTS undertakes to limit access to your personal data only to those who need to use it.<\/p>\n<p>In any event, CORPO\u2019EVENTS does not sell the personal data of visitors and users of its Site.<\/p>\n<p>Moreover, no transfer of personal data outside the European Union is made.<\/p>\n<h2>Retention period of personal data<\/h2>\n<p>Your personal data is retained by CORPO\u2019EVENTS only for the time necessary for its purpose, namely, in the absence of a contract subscription, 3 years from its collection or your last contact.<\/p>\n<h2>Security of personal data<\/h2>\n<p>CORPO\u2019EVENTS implements technical and organizational measures to seek to ensure an appropriate level of security to the risk of personal data processing. The aim of these measures is to ensure the integrity, confidentiality, and accessibility of personal data.<\/p>\n<h2>Protection of children&#8217;s privacy<\/h2>\n<p>CORPO\u2019EVENTS does not knowingly collect information from children under the age of 13 and the Site is not directed at children under the age of 13.<\/p>\n<h2>Your rights<\/h2>\n<p>You may exercise the rights listed in this article free of charge.<\/p>\n<p>If you wish to exercise any of these rights, please submit your request:<\/p>\n<ul>\n<li>By email to the following address: contact@corpo-events.fr or<\/li>\n<li>By post to the following address: CORPO\u2019EVENTS, 1415, Avenue Albert Einstein, 34000 Montpellier, FRANCE.<\/li>\n<\/ul>\n<h3>Right to access your personal data<\/h3>\n<p>You can access your personal data.<\/p>\n<p>However, due to the security and confidentiality obligations in the processing of personal data incumbent on CORPO\u2019EVENTS, your request will be processed provided that you supply a valid proof of identity.<\/p>\n<p>CORPO\u2019EVENTS informs you that the company may, if necessary, oppose clearly abusive requests (due to their number, repetitive or systematic nature).<\/p>\n<p>To help you in your process, you will find by clicking the following link a sample letter provided by the \u201cCommission Nationale de l\u2019Informatique et des Libert\u00e9s\u201d (the \u201cCNIL\u201d).<\/p>\n<h3>Right to rectification and erasure of your personal data<\/h3>\n<p>The GDPR entitles you to request the rectification, updating, blocking or deletion of your personal data that may be inaccurate, incorrect, incomplete or obsolete.<\/p>\n<p>You may define general and specific instructions regarding the fate of your personal data after your death. Where applicable, the heirs of a deceased person may request that the death of their relative be taken into consideration and\/or that the necessary updates be made.<\/p>\n<p>To help you with your request, especially if you wish to exercise your right to rectification on your own behalf or on behalf of a deceased relative, you will find by clicking the following link a sample letter provided by the CNIL.<\/p>\n<h3>Right to restriction of processing<\/h3>\n<p>You can obtain restriction of the processing of your personal data when you object to it, when you contest the accuracy of the personal data, when you believe the processing is unlawful, or when you need the data for the establishment, exercise or defense of your legal claims.<\/p>\n<h3>Right to object to processing<\/h3>\n<p>You may exercise this right only in the following two situations:<\/p>\n<p>(i) when the exercise of this right is based on serious and legitimate grounds; or<\/p>\n<p>(ii) when the exercise of this right is intended to prevent the use of the personal data collected for marketing purposes.<\/p>\n<p data-start=\"93\" data-end=\"247\">To help you with your request, you can use a sample letter provided by the CNIL. This is especially useful if you wish to exercise your right to object.<\/p>\n<h3>Right to data portability<\/h3>\n<p data-start=\"114\" data-end=\"312\">You may ask CORPO\u2019EVENTS to receive your personal data in a structured, commonly used, and machine-readable format.<br data-start=\"229\" data-end=\"232\" \/>You may also request that it be transferred directly to another data controller.<\/p>\n<h2>Complaint to the CNIL<\/h2>\n<p>If you believe that CORPO\u2019EVENTS is not complying with its obligations regarding your personal data, you may lodge a complaint or request with the competent authority (in France, the competent authority is the CNIL):<\/p>\n<ol>\n<li aria-level=\"1\">In certain specific cases, through the online complaint service by clicking above.<\/li>\n<li aria-level=\"1\">In \u201cother cases\u201d not provided for by the online service, through the \u201cNeed help\u201d service, which will allow you to access the complaint form at the bottom of an answer to a question.<\/li>\n<li aria-level=\"1\">By post by writing to: CNIL, Complaints Department, 3, Place de Fontenoy, TSA 80715, 75334 Paris Cedex 07, FRANCE.<\/li>\n<\/ol>\n<h2>Current version and changes<\/h2>\n<p>The current CORPO\u2019EVENTS policy is the version available on the Site at the time of your connection.<br data-start=\"213\" data-end=\"216\" \/>CORPO\u2019EVENTS may update this policy at any time to reflect changes in applicable laws and regulations.<br data-start=\"318\" data-end=\"321\" \/>Each update is dated and clearly indicated in this Policy.<\/p>\n<h2>Contact<\/h2>\n<p data-start=\"104\" data-end=\"226\">If you have any comments, questions, or requests regarding this Policy or your personal data, please contact CORPO\u2019EVENTS.<\/p>\n<p data-start=\"228\" data-end=\"383\">You can reach us by email at: <a class=\"decorated-link cursor-pointer\" rel=\"noopener\" data-start=\"258\" data-end=\"281\">contact@corpo-events.fr<\/a>.<br data-start=\"282\" data-end=\"285\" \/>You can also write to us at: CORPO\u2019EVENTS, 1415 Avenue Albert Einstein, 34000 Montpellier, FRANCE.<\/p>\n<hr \/>\n<h2>Cookie Policy of the Site<\/h2>\n<p data-start=\"132\" data-end=\"305\">When you first connect to our Site, a banner appears at the bottom of your screen. It informs you that data related to your browsing may be stored in files called \u201ccookies.\u201d<\/p>\n<p data-start=\"307\" data-end=\"531\">Our cookie usage policy helps you better understand the measures we implement for navigation on our website. It explains the cookies used on our Site and their purpose. It also provides instructions on how to configure them.<\/p>\n<h3>General information about cookies on the Site<\/h3>\n<p data-start=\"228\" data-end=\"400\">CORPO\u2019EVENTS, as the publisher of this website, may place cookies on your device (computer, tablet, mobile, etc.). This ensures smooth and optimal browsing on our Site.<\/p>\n<p data-start=\"402\" data-end=\"571\">Cookies (or connection trackers) are small text files. They allow us to recognize your device, analyze your browsing behavior, and measure our audience.<\/p>\n<p data-start=\"573\" data-end=\"817\">The information collected through cookies is used to compile visit statistics. It also helps improve your browsing experience. Furthermore, it allows content sharing and the delivery of targeted content and advertising.<\/p>\n<p data-start=\"819\" data-end=\"935\">To help you understand, you will find below a list of the different types of cookies used on CORPO\u2019EVENTS\u2019 Site.<\/p>\n<h3>Setting your cookie preferences<\/h3>\n<p>You may accept or refuse the placement of cookies at any time.<\/p>\n<p>When you first connect to the Site, a banner briefly presenting information about the use of cookies and similar technologies appears at the bottom of your screen. This banner invites you to accept cookies or customize your preferences.<\/p>\n<p>Depending on the type of cookie involved, your consent to the placement and reading of cookies on your device may be required.<\/p>\n<ul>\n<li aria-level=\"1\">Strictly necessary cookies<\/li>\n<\/ul>\n<p>Cookies in this category are strictly necessary to ensure the proper functioning of our Site. Therefore, these cookies do not require your consent.<\/p>\n<ul>\n<li aria-level=\"1\">Audience measurement cookies<\/li>\n<\/ul>\n<p>These cookies help us understand how our visitors interact with the Site. They help us understand the number of visitors, their origin, and the pages they visit. These cookies collect data anonymously.<\/p>\n<ul>\n<li aria-level=\"1\">Advertising cookies<\/li>\n<\/ul>\n<p>Advertising cookies help us deliver relevant ads and marketing campaigns and measure their effectiveness.<\/p>\n<h3>Information and contact<\/h3>\n<p>For more information about cookie control tools, you can consult the CNIL website: https:\/\/www.cnil.fr\/fr\/cookies-les-outils-pour-les-maitriser.<\/p>\n<p>For any questions or further information regarding this cookie policy, please contact us by email at: contact@corpo-events.fr or by mail at: CORPO\u2019EVENTS, 1415, Avenue Albert Einstein, 34000 Montpellier, FRANCE.<\/p>\n\n\n<p><\/p>\n","protected":false},"excerpt":{"rendered":"<p>Purpose of the privacy policy Privacy &amp; Cookies Policy : CORPO\u2019EVENTS attaches great importance to your privacy and takes its responsibilities regarding the processing of your personal data seriously, in accordance with Regulation (EU) 2016\/679 of the European Parliament and of the Council of 27 April 2016 on the protection of natural persons with regard [&hellip;]<\/p>\n","protected":false},"author":1,"featured_media":0,"parent":0,"menu_order":0,"comment_status":"closed","ping_status":"closed","template":"","meta":{"_acf_changed":false,"inline_featured_image":false,"footnotes":""},"class_list":["post-5325","page","type-page","status-publish","hentry"],"acf":[],"yoast_head":"<!-- This site is optimized with the Yoast SEO plugin v27.4 - https:\/\/yoast.com\/product\/yoast-seo-wordpress\/ -->\n<title>Privacy &amp; Cookies Policy - InvitYou<\/title>\n<meta name=\"description\" content=\"Privacy &amp; Cookies Policy: learn how InvitYou collects, uses and protects your personal data in compliance with GDPR regulations.\" \/>\n<meta name=\"robots\" content=\"index, follow, max-snippet:-1, max-image-preview:large, max-video-preview:-1\" \/>\n<link rel=\"canonical\" href=\"https:\/\/www.invityou.com\/en\/privacy-cookies-policy\/\" \/>\n<meta property=\"og:locale\" content=\"en_US\" \/>\n<meta property=\"og:type\" content=\"article\" \/>\n<meta property=\"og:title\" content=\"Privacy &amp; Cookies Policy - InvitYou\" \/>\n<meta property=\"og:description\" content=\"Privacy &amp; Cookies Policy: learn how InvitYou collects, uses and protects your personal data in compliance with GDPR regulations.\" \/>\n<meta property=\"og:url\" content=\"https:\/\/www.invityou.com\/en\/privacy-cookies-policy\/\" \/>\n<meta property=\"og:site_name\" content=\"InvitYou\" \/>\n<meta property=\"article:publisher\" content=\"https:\/\/www.facebook.com\/pages\/CorpoEvents\/167858103417650\" \/>\n<meta property=\"article:modified_time\" content=\"2026-04-07T18:48:58+00:00\" \/>\n<meta name=\"twitter:card\" content=\"summary_large_image\" \/>\n<meta name=\"twitter:site\" content=\"@corpo_events\" \/>\n<meta name=\"twitter:label1\" content=\"Est. reading time\" \/>\n\t<meta name=\"twitter:data1\" content=\"9 minutes\" \/>\n<script type=\"application\/ld+json\" class=\"yoast-schema-graph\">{\"@context\":\"https:\\\/\\\/schema.org\",\"@graph\":[{\"@type\":\"WebPage\",\"@id\":\"https:\\\/\\\/www.invityou.com\\\/en\\\/privacy-cookies-policy\\\/\",\"url\":\"https:\\\/\\\/www.invityou.com\\\/en\\\/privacy-cookies-policy\\\/\",\"name\":\"Privacy &amp; Cookies Policy - InvitYou\",\"isPartOf\":{\"@id\":\"https:\\\/\\\/www.invityou.com\\\/en\\\/#website\"},\"datePublished\":\"2023-05-17T12:23:52+00:00\",\"dateModified\":\"2026-04-07T18:48:58+00:00\",\"description\":\"Privacy & Cookies Policy: learn how InvitYou collects, uses and protects your personal data in compliance with GDPR regulations.\",\"inLanguage\":\"en-US\",\"potentialAction\":[{\"@type\":\"ReadAction\",\"target\":[\"https:\\\/\\\/www.invityou.com\\\/en\\\/privacy-cookies-policy\\\/\"]}]},{\"@type\":\"WebSite\",\"@id\":\"https:\\\/\\\/www.invityou.com\\\/en\\\/#website\",\"url\":\"https:\\\/\\\/www.invityou.com\\\/en\\\/\",\"name\":\"InvitYou\",\"description\":\"Outil de gestion \u00e9v\u00e9nementiel\",\"publisher\":{\"@id\":\"https:\\\/\\\/www.invityou.com\\\/en\\\/#organization\"},\"potentialAction\":[{\"@type\":\"SearchAction\",\"target\":{\"@type\":\"EntryPoint\",\"urlTemplate\":\"https:\\\/\\\/www.invityou.com\\\/en\\\/?s={search_term_string}\"},\"query-input\":{\"@type\":\"PropertyValueSpecification\",\"valueRequired\":true,\"valueName\":\"search_term_string\"}}],\"inLanguage\":\"en-US\"},{\"@type\":\"Organization\",\"@id\":\"https:\\\/\\\/www.invityou.com\\\/en\\\/#organization\",\"name\":\"InvitYou by CorpoEvents\",\"url\":\"https:\\\/\\\/www.invityou.com\\\/en\\\/\",\"logo\":{\"@type\":\"ImageObject\",\"inLanguage\":\"en-US\",\"@id\":\"https:\\\/\\\/www.invityou.com\\\/en\\\/#\\\/schema\\\/logo\\\/image\\\/\",\"url\":\"https:\\\/\\\/www.invityou.com\\\/wp-content\\\/uploads\\\/2022\\\/05\\\/cropped-android-chrome-512x512-1.png\",\"contentUrl\":\"https:\\\/\\\/www.invityou.com\\\/wp-content\\\/uploads\\\/2022\\\/05\\\/cropped-android-chrome-512x512-1.png\",\"width\":512,\"height\":512,\"caption\":\"InvitYou by CorpoEvents\"},\"image\":{\"@id\":\"https:\\\/\\\/www.invityou.com\\\/en\\\/#\\\/schema\\\/logo\\\/image\\\/\"},\"sameAs\":[\"https:\\\/\\\/www.facebook.com\\\/pages\\\/CorpoEvents\\\/167858103417650\",\"https:\\\/\\\/x.com\\\/corpo_events\",\"https:\\\/\\\/www.linkedin.com\\\/company\\\/corpoevents\"]}]}<\/script>\n<!-- \/ Yoast SEO plugin. -->","yoast_head_json":{"title":"Privacy &amp; Cookies Policy - InvitYou","description":"Privacy & Cookies Policy: learn how InvitYou collects, uses and protects your personal data in compliance with GDPR regulations.","robots":{"index":"index","follow":"follow","max-snippet":"max-snippet:-1","max-image-preview":"max-image-preview:large","max-video-preview":"max-video-preview:-1"},"canonical":"https:\/\/www.invityou.com\/en\/privacy-cookies-policy\/","og_locale":"en_US","og_type":"article","og_title":"Privacy &amp; Cookies Policy - InvitYou","og_description":"Privacy & Cookies Policy: learn how InvitYou collects, uses and protects your personal data in compliance with GDPR regulations.","og_url":"https:\/\/www.invityou.com\/en\/privacy-cookies-policy\/","og_site_name":"InvitYou","article_publisher":"https:\/\/www.facebook.com\/pages\/CorpoEvents\/167858103417650","article_modified_time":"2026-04-07T18:48:58+00:00","twitter_card":"summary_large_image","twitter_site":"@corpo_events","twitter_misc":{"Est. reading time":"9 minutes"},"schema":{"@context":"https:\/\/schema.org","@graph":[{"@type":"WebPage","@id":"https:\/\/www.invityou.com\/en\/privacy-cookies-policy\/","url":"https:\/\/www.invityou.com\/en\/privacy-cookies-policy\/","name":"Privacy &amp; Cookies Policy - InvitYou","isPartOf":{"@id":"https:\/\/www.invityou.com\/en\/#website"},"datePublished":"2023-05-17T12:23:52+00:00","dateModified":"2026-04-07T18:48:58+00:00","description":"Privacy & Cookies Policy: learn how InvitYou collects, uses and protects your personal data in compliance with GDPR regulations.","inLanguage":"en-US","potentialAction":[{"@type":"ReadAction","target":["https:\/\/www.invityou.com\/en\/privacy-cookies-policy\/"]}]},{"@type":"WebSite","@id":"https:\/\/www.invityou.com\/en\/#website","url":"https:\/\/www.invityou.com\/en\/","name":"InvitYou","description":"Outil de gestion \u00e9v\u00e9nementiel","publisher":{"@id":"https:\/\/www.invityou.com\/en\/#organization"},"potentialAction":[{"@type":"SearchAction","target":{"@type":"EntryPoint","urlTemplate":"https:\/\/www.invityou.com\/en\/?s={search_term_string}"},"query-input":{"@type":"PropertyValueSpecification","valueRequired":true,"valueName":"search_term_string"}}],"inLanguage":"en-US"},{"@type":"Organization","@id":"https:\/\/www.invityou.com\/en\/#organization","name":"InvitYou by CorpoEvents","url":"https:\/\/www.invityou.com\/en\/","logo":{"@type":"ImageObject","inLanguage":"en-US","@id":"https:\/\/www.invityou.com\/en\/#\/schema\/logo\/image\/","url":"https:\/\/www.invityou.com\/wp-content\/uploads\/2022\/05\/cropped-android-chrome-512x512-1.png","contentUrl":"https:\/\/www.invityou.com\/wp-content\/uploads\/2022\/05\/cropped-android-chrome-512x512-1.png","width":512,"height":512,"caption":"InvitYou by CorpoEvents"},"image":{"@id":"https:\/\/www.invityou.com\/en\/#\/schema\/logo\/image\/"},"sameAs":["https:\/\/www.facebook.com\/pages\/CorpoEvents\/167858103417650","https:\/\/x.com\/corpo_events","https:\/\/www.linkedin.com\/company\/corpoevents"]}]}},"_links":{"self":[{"href":"https:\/\/www.invityou.com\/en\/wp-json\/wp\/v2\/pages\/5325","targetHints":{"allow":["GET"]}}],"collection":[{"href":"https:\/\/www.invityou.com\/en\/wp-json\/wp\/v2\/pages"}],"about":[{"href":"https:\/\/www.invityou.com\/en\/wp-json\/wp\/v2\/types\/page"}],"author":[{"embeddable":true,"href":"https:\/\/www.invityou.com\/en\/wp-json\/wp\/v2\/users\/1"}],"replies":[{"embeddable":true,"href":"https:\/\/www.invityou.com\/en\/wp-json\/wp\/v2\/comments?post=5325"}],"version-history":[{"count":2,"href":"https:\/\/www.invityou.com\/en\/wp-json\/wp\/v2\/pages\/5325\/revisions"}],"predecessor-version":[{"id":5889,"href":"https:\/\/www.invityou.com\/en\/wp-json\/wp\/v2\/pages\/5325\/revisions\/5889"}],"wp:attachment":[{"href":"https:\/\/www.invityou.com\/en\/wp-json\/wp\/v2\/media?parent=5325"}],"curies":[{"name":"wp","href":"https:\/\/api.w.org\/{rel}","templated":true}]}}