{"id":5162,"date":"2023-05-17T14:52:10","date_gmt":"2023-05-17T12:52:10","guid":{"rendered":"https:\/\/www.invityou.com\/condiciones-generales-de-utilizacion-de-la-pagina-web\/"},"modified":"2026-04-16T17:26:27","modified_gmt":"2026-04-16T15:26:27","slug":"cgu","status":"publish","type":"page","link":"https:\/\/www.invityou.com\/es\/cgu\/","title":{"rendered":"Condiciones Generales de Utilizaci\u00f3n de la p\u00e1gina web"},"content":{"rendered":"\n<p>Hola y bienvenido a la p\u00e1gina web de Corpo&#8217;Events <a href=\"https:\/\/www.invityou.com\/es\/\">www.invityou.com<\/a> (en adelante, la \u00abweb\u00bb).<\/p>\n\n\n\n<p>Las presentes condiciones generales de utilizaci\u00f3n (en adelante, las \u00abCGU\u00bb) est\u00e1n destinadas ser aplicadas entre la sociedad Corpo&#8217;Events, sociedad por acciones simplificada (sas), inscrita en el Registro Mercantil de Montpellier bajo el n\u00famero 484 434 477, con domicilio social en 1415 avenue Albert Einstein 34000 Montpellier (\u00abCorpo&#8217;Events\u00bb) y cualquier persona que navegue por nuestra web (en adelante, \u00abusted\u00bb o \u00abel\/los usuario(s)\u00bb).<\/p>\n\n\n\n<h2 class=\"wp-block-heading\">Aceptaci\u00f3n<\/h2>\n\n\n\n<p>Al utilizar de forma continua la web, usted acepta estas CGU, as\u00ed como tambi\u00e9n acepta la pol\u00edtica de confidencialidad y las cookies de la web, que puede consultar <a href=\"https:\/\/www.invityou.com\/es\/privacidad-y-cookies\/\">haciendo clic aqu\u00ed<\/a>.<\/p>\n\n\n\n<p>Si no acepta una de estas condiciones, no utilice la web.<\/p>\n\n\n\n<h2 class=\"wp-block-heading\">Versi\u00f3n vigente y modificaciones<\/h2>\n\n\n\n<p>Las CGU aplicables son aquellas cuya versi\u00f3n vigente est\u00e1 disponible en l\u00ednea en la web a la fecha de su conexi\u00f3n.<\/p>\n\n\n\n<p>Corpo&#8217;events se reserva el derecho de modificar, actualizar o rectificar las presentes CGU en cualquier momento, en particular para tener en cuenta los cambios legislativos, reglamentarios, jurisprudenciales y\/o t\u00e9cnicos.<\/p>\n\n\n\n<h2 class=\"wp-block-heading\">Disponibilidad de la web<\/h2>\n\n\n\n<p>Corpo&#8217;events procura garantizar la disponibilidad de la web las 24 horas al d\u00eda, 7 d\u00edas a la semana.<\/p>\n\n\n\n<p>Sin embargo, el acceso a la web puede verse interrumpido, en particular en el marco de operaciones de mantenimiento, mejoras o actualizaciones, reparaciones de emergencia o como consecuencia de circunstancias ajenas a la voluntad de corpo&#8217;events.<\/p>\n\n\n\n<h2 class=\"wp-block-heading\">Servicios<\/h2>\n\n\n\n<p>Corpo&#8217;events ofrece, a trav\u00e9s de la web, una herramienta de gesti\u00f3n digital del evento y de los invitados por mediaci\u00f3n de la plataforma \u00abinvityou\u00bb (los \u00abservicios\u00bb).<br>La web le permite:<\/p>\n\n\n\n<ul class=\"wp-block-list\">\n<li>Descubrir los servicios;<\/li>\n\n\n\n<li>Solicitar una demostraci\u00f3n de los servicios;<\/li>\n\n\n\n<li>Solicitar un presupuesto;<\/li>\n\n\n\n<li>Ponerse en contacto con Corpo&#8217;Events.<\/li>\n<\/ul>\n\n\n\n<h2 class=\"wp-block-heading\">Propiedad intelectual<\/h2>\n\n\n\n<p>Todas las im\u00e1genes, ya sea fijas o animadas, ilustraciones, fotograf\u00edas, v\u00eddeos, textos, contenido escrito, informaci\u00f3n, marcas, logotipos presentes en la web (\u00abcontenido\u00bb) son y seguir\u00e1n siendo propiedad exclusiva de Corpo&#8217;Events y est\u00e1n protegidos por las leyes francesas e internacionales relativas a la propiedad intelectual, los derechos de autor y los derechos relativos a las bases de datos.<\/p>\n\n\n\n<p>El contenido presente en la web no podr\u00e1 ser reproducido, representado, transferido, extra\u00eddo ya sea en totalidad o parcialmente y\/o transferido a otro soporte, modificado, adaptado, arreglado o transformado.<\/p>\n\n\n\n<p>Adem\u00e1s, el uso del contenido de la web en cualquier soporte sin la autorizaci\u00f3n por escrito de Corpo&#8217;Events est\u00e1 prohibido, so pena de sanciones civiles y penales.<\/p>\n\n\n\n<p>Si desea utilizar y\/o visualizar o hacer cualquier uso del contenido de la web, p\u00f3ngase en contacto con nosotros por correo electr\u00f3nico, a la siguiente direcci\u00f3n: contact@corpo-events.fr.<\/p>\n\n\n\n<h2 class=\"wp-block-heading\">Protecci\u00f3n de los datos personales y cookies<\/h2>\n\n\n\n<p>Para garantizar el cumplimiento de la normativa francesa y europea aplicable al tratamiento de los datos personales, Corpo&#8217;Events ha implementado una pol\u00edtica de confidencialidad y de cookies que puede consultar <a href=\"https:\/\/www.invityou.com\/es\/politica-de-privacidad-y-cookies\/\">haciendo clic aqu\u00ed<\/a>.<\/p>\n\n\n\n<h2 class=\"wp-block-heading\">Hiperv\u00ednculos a la web<\/h2>\n\n\n\n<p>La creaci\u00f3n de enlaces de hipertexto hacia la web es libre a condici\u00f3n de que no perjudique los intereses materiales o morales de Corpo&#8217;Events y que no cree confusi\u00f3n, en cuanto a la fuente de los servicios y\/o contenidos.<\/p>\n\n\n\n<h2 class=\"wp-block-heading\">Responsabilidad<\/h2>\n\n\n\n<p>Corpo&#8217;events no se hace responsable de los da\u00f1os debido a una interrupci\u00f3n, mal funcionamiento de cualquier tipo, suspensi\u00f3n o cese de la web, cualquiera que sea el motivo, ni de los da\u00f1os materiales o inmateriales, directos o indirectos, que provocara de cualquier modo la conexi\u00f3n a la web. La conexi\u00f3n a la web se hace por su cuenta y riesgo.<\/p>\n\n\n\n<h2 class=\"wp-block-heading\">Ley aplicable y jurisdicci\u00f3n competente<\/h2>\n\n\n\n<p>A las presentes CGU se les aplica la ley francesa.<\/p>\n\n\n\n<p>Si no se alcanza un acuerdo extrajudicial en un plazo de treinta (30) d\u00edas a partir de la notificaci\u00f3n del desacuerdo a la otra parte, cualquier litigio entre Corpo&#8217;Events y el usuario, relativo a la validez, interpretaci\u00f3n o ejecuci\u00f3n de las presentes CGU, as\u00ed como a las consecuencias que pudieran derivarse de las mismas, ser\u00e1 presentado ante los tribunales de la jurisdicci\u00f3n del tribunal judicial de Montpellier.<\/p>\n","protected":false},"excerpt":{"rendered":"<p>Hola y bienvenido a la p\u00e1gina web de Corpo&#8217;Events www.invityou.com (en adelante, la \u00abweb\u00bb). Las presentes condiciones generales de utilizaci\u00f3n (en adelante, las \u00abCGU\u00bb) est\u00e1n destinadas ser aplicadas entre la sociedad Corpo&#8217;Events, sociedad por acciones simplificada (sas), inscrita en el Registro Mercantil de Montpellier bajo el n\u00famero 484 434 477, con domicilio social en 1415 [&hellip;]<\/p>\n","protected":false},"author":1,"featured_media":0,"parent":0,"menu_order":0,"comment_status":"closed","ping_status":"closed","template":"","meta":{"_acf_changed":false,"inline_featured_image":false,"footnotes":""},"class_list":["post-5162","page","type-page","status-publish","hentry"],"acf":[],"yoast_head":"<!-- This site is optimized with the Yoast SEO plugin v27.4 - https:\/\/yoast.com\/product\/yoast-seo-wordpress\/ -->\n<title>Condiciones Generales de Utilizaci\u00f3n<\/title>\n<meta name=\"description\" content=\"Condiciones generales de uso de InvitYou: normas, servicios, responsabilidad y protecci\u00f3n de datos en nuestra plataforma digital de eventos.\" \/>\n<meta name=\"robots\" content=\"index, follow, max-snippet:-1, max-image-preview:large, max-video-preview:-1\" \/>\n<link rel=\"canonical\" href=\"https:\/\/www.invityou.com\/es\/cgu\/\" \/>\n<meta property=\"og:locale\" content=\"es_ES\" \/>\n<meta property=\"og:type\" content=\"article\" \/>\n<meta property=\"og:title\" content=\"Condiciones Generales de Utilizaci\u00f3n\" \/>\n<meta property=\"og:description\" content=\"Condiciones generales de uso de InvitYou: normas, servicios, responsabilidad y protecci\u00f3n de datos en nuestra plataforma digital de eventos.\" \/>\n<meta property=\"og:url\" content=\"https:\/\/www.invityou.com\/es\/cgu\/\" \/>\n<meta property=\"og:site_name\" content=\"InvitYou\" \/>\n<meta property=\"article:publisher\" content=\"https:\/\/www.facebook.com\/pages\/CorpoEvents\/167858103417650\" \/>\n<meta property=\"article:modified_time\" content=\"2026-04-16T15:26:27+00:00\" \/>\n<meta name=\"twitter:card\" content=\"summary_large_image\" \/>\n<meta name=\"twitter:site\" content=\"@corpo_events\" \/>\n<meta name=\"twitter:label1\" content=\"Tiempo de lectura\" \/>\n\t<meta name=\"twitter:data1\" content=\"4 minutos\" \/>\n<script type=\"application\/ld+json\" class=\"yoast-schema-graph\">{\"@context\":\"https:\\\/\\\/schema.org\",\"@graph\":[{\"@type\":\"WebPage\",\"@id\":\"https:\\\/\\\/www.invityou.com\\\/es\\\/cgu\\\/\",\"url\":\"https:\\\/\\\/www.invityou.com\\\/es\\\/cgu\\\/\",\"name\":\"Condiciones Generales de Utilizaci\u00f3n\",\"isPartOf\":{\"@id\":\"https:\\\/\\\/www.invityou.com\\\/es\\\/#website\"},\"datePublished\":\"2023-05-17T12:52:10+00:00\",\"dateModified\":\"2026-04-16T15:26:27+00:00\",\"description\":\"Condiciones generales de uso de InvitYou: normas, servicios, responsabilidad y protecci\u00f3n de datos en nuestra plataforma digital de eventos.\",\"inLanguage\":\"es\",\"potentialAction\":[{\"@type\":\"ReadAction\",\"target\":[\"https:\\\/\\\/www.invityou.com\\\/es\\\/cgu\\\/\"]}]},{\"@type\":\"WebSite\",\"@id\":\"https:\\\/\\\/www.invityou.com\\\/es\\\/#website\",\"url\":\"https:\\\/\\\/www.invityou.com\\\/es\\\/\",\"name\":\"InvitYou\",\"description\":\"Outil de gestion \u00e9v\u00e9nementiel\",\"publisher\":{\"@id\":\"https:\\\/\\\/www.invityou.com\\\/es\\\/#organization\"},\"potentialAction\":[{\"@type\":\"SearchAction\",\"target\":{\"@type\":\"EntryPoint\",\"urlTemplate\":\"https:\\\/\\\/www.invityou.com\\\/es\\\/?s={search_term_string}\"},\"query-input\":{\"@type\":\"PropertyValueSpecification\",\"valueRequired\":true,\"valueName\":\"search_term_string\"}}],\"inLanguage\":\"es\"},{\"@type\":\"Organization\",\"@id\":\"https:\\\/\\\/www.invityou.com\\\/es\\\/#organization\",\"name\":\"InvitYou by CorpoEvents\",\"url\":\"https:\\\/\\\/www.invityou.com\\\/es\\\/\",\"logo\":{\"@type\":\"ImageObject\",\"inLanguage\":\"es\",\"@id\":\"https:\\\/\\\/www.invityou.com\\\/es\\\/#\\\/schema\\\/logo\\\/image\\\/\",\"url\":\"https:\\\/\\\/www.invityou.com\\\/wp-content\\\/uploads\\\/2022\\\/05\\\/cropped-android-chrome-512x512-1.png\",\"contentUrl\":\"https:\\\/\\\/www.invityou.com\\\/wp-content\\\/uploads\\\/2022\\\/05\\\/cropped-android-chrome-512x512-1.png\",\"width\":512,\"height\":512,\"caption\":\"InvitYou by CorpoEvents\"},\"image\":{\"@id\":\"https:\\\/\\\/www.invityou.com\\\/es\\\/#\\\/schema\\\/logo\\\/image\\\/\"},\"sameAs\":[\"https:\\\/\\\/www.facebook.com\\\/pages\\\/CorpoEvents\\\/167858103417650\",\"https:\\\/\\\/x.com\\\/corpo_events\",\"https:\\\/\\\/www.linkedin.com\\\/company\\\/corpoevents\"]}]}<\/script>\n<!-- \/ Yoast SEO plugin. -->","yoast_head_json":{"title":"Condiciones Generales de Utilizaci\u00f3n","description":"Condiciones generales de uso de InvitYou: normas, servicios, responsabilidad y protecci\u00f3n de datos en nuestra plataforma digital de eventos.","robots":{"index":"index","follow":"follow","max-snippet":"max-snippet:-1","max-image-preview":"max-image-preview:large","max-video-preview":"max-video-preview:-1"},"canonical":"https:\/\/www.invityou.com\/es\/cgu\/","og_locale":"es_ES","og_type":"article","og_title":"Condiciones Generales de Utilizaci\u00f3n","og_description":"Condiciones generales de uso de InvitYou: normas, servicios, responsabilidad y protecci\u00f3n de datos en nuestra plataforma digital de eventos.","og_url":"https:\/\/www.invityou.com\/es\/cgu\/","og_site_name":"InvitYou","article_publisher":"https:\/\/www.facebook.com\/pages\/CorpoEvents\/167858103417650","article_modified_time":"2026-04-16T15:26:27+00:00","twitter_card":"summary_large_image","twitter_site":"@corpo_events","twitter_misc":{"Tiempo de lectura":"4 minutos"},"schema":{"@context":"https:\/\/schema.org","@graph":[{"@type":"WebPage","@id":"https:\/\/www.invityou.com\/es\/cgu\/","url":"https:\/\/www.invityou.com\/es\/cgu\/","name":"Condiciones Generales de Utilizaci\u00f3n","isPartOf":{"@id":"https:\/\/www.invityou.com\/es\/#website"},"datePublished":"2023-05-17T12:52:10+00:00","dateModified":"2026-04-16T15:26:27+00:00","description":"Condiciones generales de uso de InvitYou: normas, servicios, responsabilidad y protecci\u00f3n de datos en nuestra plataforma digital de eventos.","inLanguage":"es","potentialAction":[{"@type":"ReadAction","target":["https:\/\/www.invityou.com\/es\/cgu\/"]}]},{"@type":"WebSite","@id":"https:\/\/www.invityou.com\/es\/#website","url":"https:\/\/www.invityou.com\/es\/","name":"InvitYou","description":"Outil de gestion \u00e9v\u00e9nementiel","publisher":{"@id":"https:\/\/www.invityou.com\/es\/#organization"},"potentialAction":[{"@type":"SearchAction","target":{"@type":"EntryPoint","urlTemplate":"https:\/\/www.invityou.com\/es\/?s={search_term_string}"},"query-input":{"@type":"PropertyValueSpecification","valueRequired":true,"valueName":"search_term_string"}}],"inLanguage":"es"},{"@type":"Organization","@id":"https:\/\/www.invityou.com\/es\/#organization","name":"InvitYou by CorpoEvents","url":"https:\/\/www.invityou.com\/es\/","logo":{"@type":"ImageObject","inLanguage":"es","@id":"https:\/\/www.invityou.com\/es\/#\/schema\/logo\/image\/","url":"https:\/\/www.invityou.com\/wp-content\/uploads\/2022\/05\/cropped-android-chrome-512x512-1.png","contentUrl":"https:\/\/www.invityou.com\/wp-content\/uploads\/2022\/05\/cropped-android-chrome-512x512-1.png","width":512,"height":512,"caption":"InvitYou by CorpoEvents"},"image":{"@id":"https:\/\/www.invityou.com\/es\/#\/schema\/logo\/image\/"},"sameAs":["https:\/\/www.facebook.com\/pages\/CorpoEvents\/167858103417650","https:\/\/x.com\/corpo_events","https:\/\/www.linkedin.com\/company\/corpoevents"]}]}},"_links":{"self":[{"href":"https:\/\/www.invityou.com\/es\/wp-json\/wp\/v2\/pages\/5162","targetHints":{"allow":["GET"]}}],"collection":[{"href":"https:\/\/www.invityou.com\/es\/wp-json\/wp\/v2\/pages"}],"about":[{"href":"https:\/\/www.invityou.com\/es\/wp-json\/wp\/v2\/types\/page"}],"author":[{"embeddable":true,"href":"https:\/\/www.invityou.com\/es\/wp-json\/wp\/v2\/users\/1"}],"replies":[{"embeddable":true,"href":"https:\/\/www.invityou.com\/es\/wp-json\/wp\/v2\/comments?post=5162"}],"version-history":[{"count":3,"href":"https:\/\/www.invityou.com\/es\/wp-json\/wp\/v2\/pages\/5162\/revisions"}],"predecessor-version":[{"id":5985,"href":"https:\/\/www.invityou.com\/es\/wp-json\/wp\/v2\/pages\/5162\/revisions\/5985"}],"wp:attachment":[{"href":"https:\/\/www.invityou.com\/es\/wp-json\/wp\/v2\/media?parent=5162"}],"curies":[{"name":"wp","href":"https:\/\/api.w.org\/{rel}","templated":true}]}}