{"id":5169,"date":"2022-04-25T08:33:39","date_gmt":"2022-04-25T06:33:39","guid":{"rendered":"https:\/\/www.invityou.com\/cambie-el-curso-de-los-acontecimientos\/"},"modified":"2025-12-09T09:14:42","modified_gmt":"2025-12-09T08:14:42","slug":"cambie-el-curso-de-los-acontecimientos","status":"publish","type":"page","link":"https:\/\/www.invityou.com\/es\/","title":{"rendered":"Todo comienza con una invitaci\u00f3n."},"content":{"rendered":"<section class=\"section-inner bg-square left\">\n<div class=\"wrapper\">\n<div class=\"row center\">\n<div class=\"col s12 l8\">\n<h2 class=\"h3\"><span class=\"primary-color\">\u00a1Una herramienta completa<\/span> para una gesti\u00f3n eficiente!<\/h2>\n<p class=\"baseline\">Desde la idea hasta la realizaci\u00f3n, organiza eventos en un recorrido fluido con una sola y misma herramienta. \u00a1S\u00ed, es posible!<\/p>\n<\/div>\n<div class=\"col s12\">\n<figure><img decoding=\"async\" src=\"https:\/\/www.invityou.com\/wp-content\/uploads\/2022\/04\/mockup_1.png\" alt=\"\u00e9cran outil gestion \u00e9v\u00e8nementielle\" width=\"925\" height=\"557\" \/><\/figure>\n<\/div>\n<\/div>\n<\/div>\n<\/section>\n<div class=\"benefits\">\n<div class=\"wrapper\">\n<ul class=\"row features\">\n<li class=\"col s12 m6 l4\">\n<figure><img decoding=\"async\" src=\"https:\/\/www.invityou.com\/wp-content\/uploads\/2022\/04\/icon_web.svg\" alt=\"Site internet personnalis\u00e9\" \/><\/figure>\n<div class=\"content\">\n<h3 class=\"h5\" style=\"text-align: center;\">P\u00e1gina web de registro<\/h3>\n<\/div>\n<\/li>\n<li class=\"col s12 m6 l4\">\n<figure><img decoding=\"async\" src=\"https:\/\/www.invityou.com\/wp-content\/uploads\/2022\/04\/icon_listing.svg\" alt=\"Liste et invitations\" \/><\/figure>\n<div class=\"content\">\n<h3 class=\"h5\" style=\"text-align: center;\">Listados e invitaciones<\/h3>\n<\/div>\n<\/li>\n<li class=\"col s12 m6 l4\">\n<figure><img decoding=\"async\" src=\"https:\/\/www.invityou.com\/wp-content\/uploads\/2022\/04\/icon_gestion.svg\" alt=\"gestion et organisation\" \/><\/figure>\n<div class=\"content\">\n<h3 class=\"h5\" style=\"text-align: center;\">Gesti\u00f3n y organizaci\u00f3n<\/h3>\n<\/div>\n<\/li>\n<li class=\"col s12 m6 l4\">\n<figure><img decoding=\"async\" src=\"https:\/\/www.invityou.com\/wp-content\/uploads\/2022\/04\/icon_billeterie.svg\" alt=\"Billeterie\" \/><\/figure>\n<div class=\"content\">\n<h3 class=\"h5\" style=\"text-align: center;\">Venta y facturaci\u00f3n<\/h3>\n<\/div>\n<\/li>\n<li class=\"col s12 m6 l4\">\n<figure><img decoding=\"async\" src=\"https:\/\/www.invityou.com\/wp-content\/uploads\/2022\/04\/icon_stat.svg\" alt=\"Statistiques et donn\u00e9es\" \/><\/figure>\n<div class=\"content\">\n<h3 class=\"h5\" style=\"text-align: center;\">Datos y estad\u00edsticas<\/h3>\n<\/div>\n<\/li>\n<li class=\"col s12 m6 l4\">\n<figure><img decoding=\"async\" src=\"https:\/\/www.invityou.com\/wp-content\/uploads\/2022\/04\/icon_checkin.svg\" alt=\"Accueil et checkin\" \/><\/figure>\n<div class=\"content\">\n<h3 class=\"h5\" style=\"text-align: center;\">Check-in con c\u00f3digos QR<\/h3>\n<\/div>\n<\/li>\n<\/ul>\n<\/div>\n<div class=\"row center\">\n<div class=\"col s12\">\n<p><a class=\"btn outline\" href=\"https:\/\/www.invityou.com\/es\/invityou-la-herramienta-ideal-para-gestionar-sus-eventos-con-mas-serenidad\/\">Todas las funcionalidades<\/a><\/p>\n<\/div>\n<\/div>\n<\/div>\n<section class=\"section-inner\">\n<div class=\"wrapper\">\n<div class=\"row center\">\n<div class=\"col s12\">\n<h3>\u00bfPor qu\u00e9 elegir InvitYou?<\/h3>\n<\/div>\n<\/div>\n<ul class=\"row arguments\">\n<li class=\"col s12 l4 card\">\n<figure>\n<div class=\"hover\">01<\/div>\n<p><img decoding=\"async\" src=\"https:\/\/www.invityou.com\/wp-content\/uploads\/2022\/04\/simplicite.jpg\" alt=\"Simple et intuitif\" \/><\/figure>\n<div class=\"inner\">\n<h4 class=\"h5\">Simple e intuitiva<\/h4>\n<p>Dise\u00f1ada por los expertos en gesti\u00f3n de eventos de Corpo&#8217;Events, la herramienta InvitYou est\u00e1 hecha para ti, que quieres una gesti\u00f3n eficaz sin quebraderos de cabeza.<\/p>\n<\/div>\n<\/li>\n<li class=\"col s12 l4 card\">\n<figure>\n<div class=\"hover\">02<\/div>\n<p><img decoding=\"async\" src=\"https:\/\/www.invityou.com\/wp-content\/uploads\/2022\/04\/securite.jpg\" alt=\"S\u00e9curit\u00e9 et RGPD\" \/><\/figure>\n<div class=\"inner\">\n<h4 class=\"h5\">Seguridad y RGPD<\/h4>\n<p>Todos los datos utilizados son confidenciales y est\u00e1n protegidos en servidores espec\u00edficos. Certificado de RGPD y auditor\u00eda de seguridad para respaldarlo.<\/p>\n<\/div>\n<\/li>\n<li class=\"col s12 l4 card\">\n<figure>\n<div class=\"hover\">03<\/div>\n<p><img decoding=\"async\" src=\"https:\/\/www.invityou.com\/wp-content\/uploads\/2022\/05\/engagement-1.jpg\" alt=\"Personnalisation et suivi\" \/><\/figure>\n<div class=\"inner\">\n<h4 class=\"h5\">Personalizaci\u00f3n y soporte<\/h4>\n<p>\u00a1Planifica tu evento con total libertad, con el apoyo durante todo el a\u00f1o de su jefe de proyecto experto!<\/p>\n<\/div>\n<\/li>\n<\/ul>\n<\/div>\n<\/section>\n<section class=\"section-inner events\">\n<div class=\"wrapper\">\n<h2 class=\"h3\">Virtuales, presenciales o h\u00edbridos, internos o externos: organiza todos tus eventos con total serenidad.<\/h2>\n<ul class=\"row\">\n<li class=\"col s12 m6 l4\">Una conferencia o un congreso<\/li>\n<li class=\"col s12 m6 l4\">Una feria profesional<\/li>\n<li class=\"col s12 m6 l4\">Un preestreno de una pel\u00edcula<\/li>\n<li class=\"col s12 m6 l4\">Una conferencia<\/li>\n<li class=\"col s12 m6 l4\">Un seminario<\/li>\n<li class=\"col s12 m6 l4\">Una formaci\u00f3n<\/li>\n<li class=\"col s12 m6 l4\">Un webinario<\/li>\n<li class=\"col s12 m6 l4\">Un evento nocturno<\/li>\n<li class=\"col s12 m6 l4\"><a href=\"https:\/\/www.invityou.com\/es\/contacto\/\">\u00bfTu evento personalizado?<\/a><\/li>\n<\/ul>\n<\/div>\n<\/section>\n","protected":false},"excerpt":{"rendered":"<p>\u00a1Una herramienta completa para una gesti\u00f3n eficiente! Desde la idea hasta la realizaci\u00f3n, organiza eventos en un recorrido fluido con una sola y misma herramienta. \u00a1S\u00ed, es posible! P\u00e1gina web de registro Listados e invitaciones Gesti\u00f3n y organizaci\u00f3n Venta y facturaci\u00f3n Datos y estad\u00edsticas Check-in con c\u00f3digos QR Todas las funcionalidades \u00bfPor qu\u00e9 elegir InvitYou? [&hellip;]<\/p>\n","protected":false},"author":1,"featured_media":5083,"parent":0,"menu_order":0,"comment_status":"closed","ping_status":"closed","template":"template-home.php","meta":{"_acf_changed":false,"inline_featured_image":false,"footnotes":""},"class_list":["post-5169","page","type-page","status-publish","has-post-thumbnail","hentry"],"acf":[],"yoast_head":"<!-- This site is optimized with the Yoast SEO plugin v27.4 - https:\/\/yoast.com\/product\/yoast-seo-wordpress\/ -->\n<title>La plataforma de organizaci\u00f3n y gesti\u00f3n de eventos InvitYou<\/title>\n<meta name=\"description\" content=\"InvitYou es la plataforma de gesti\u00f3n de eventos profesionales para gestionar tu mismo la organizaci\u00f3n de todo tipo de eventos, de forma eficaz.\" \/>\n<meta name=\"robots\" content=\"index, follow, max-snippet:-1, max-image-preview:large, max-video-preview:-1\" \/>\n<link rel=\"canonical\" href=\"https:\/\/www.invityou.com\/es\/\" \/>\n<meta property=\"og:locale\" content=\"es_ES\" \/>\n<meta property=\"og:type\" content=\"article\" \/>\n<meta property=\"og:title\" content=\"La plataforma de organizaci\u00f3n y gesti\u00f3n de eventos InvitYou\" \/>\n<meta property=\"og:description\" content=\"InvitYou es la plataforma de gesti\u00f3n de eventos profesionales para gestionar tu mismo la organizaci\u00f3n de todo tipo de eventos, de forma eficaz.\" \/>\n<meta property=\"og:url\" content=\"https:\/\/www.invityou.com\/es\/\" \/>\n<meta property=\"og:site_name\" content=\"InvitYou\" \/>\n<meta property=\"article:publisher\" content=\"https:\/\/www.facebook.com\/pages\/CorpoEvents\/167858103417650\" \/>\n<meta property=\"article:modified_time\" content=\"2025-12-09T08:14:42+00:00\" \/>\n<meta property=\"og:image\" content=\"https:\/\/www.invityou.com\/wp-content\/uploads\/2022\/05\/hero_home.png\" \/>\n\t<meta property=\"og:image:width\" content=\"2064\" \/>\n\t<meta property=\"og:image:height\" content=\"1632\" \/>\n\t<meta property=\"og:image:type\" content=\"image\/png\" \/>\n<meta name=\"twitter:card\" content=\"summary_large_image\" \/>\n<meta name=\"twitter:site\" content=\"@corpo_events\" \/>\n<meta name=\"twitter:label1\" content=\"Tiempo de lectura\" \/>\n\t<meta name=\"twitter:data1\" content=\"4 minutos\" \/>\n<script type=\"application\/ld+json\" class=\"yoast-schema-graph\">{\"@context\":\"https:\\\/\\\/schema.org\",\"@graph\":[{\"@type\":\"WebPage\",\"@id\":\"https:\\\/\\\/www.invityou.com\\\/es\\\/\",\"url\":\"https:\\\/\\\/www.invityou.com\\\/es\\\/\",\"name\":\"La plataforma de organizaci\u00f3n y gesti\u00f3n de eventos InvitYou\",\"isPartOf\":{\"@id\":\"https:\\\/\\\/www.invityou.com\\\/es\\\/#website\"},\"primaryImageOfPage\":{\"@id\":\"https:\\\/\\\/www.invityou.com\\\/es\\\/#primaryimage\"},\"image\":{\"@id\":\"https:\\\/\\\/www.invityou.com\\\/es\\\/#primaryimage\"},\"thumbnailUrl\":\"https:\\\/\\\/www.invityou.com\\\/wp-content\\\/uploads\\\/2022\\\/05\\\/hero_home.png\",\"datePublished\":\"2022-04-25T06:33:39+00:00\",\"dateModified\":\"2025-12-09T08:14:42+00:00\",\"description\":\"InvitYou es la plataforma de gesti\u00f3n de eventos profesionales para gestionar tu mismo la organizaci\u00f3n de todo tipo de eventos, de forma eficaz.\",\"inLanguage\":\"es\",\"potentialAction\":[{\"@type\":\"ReadAction\",\"target\":[\"https:\\\/\\\/www.invityou.com\\\/es\\\/\"]}]},{\"@type\":\"ImageObject\",\"inLanguage\":\"es\",\"@id\":\"https:\\\/\\\/www.invityou.com\\\/es\\\/#primaryimage\",\"url\":\"https:\\\/\\\/www.invityou.com\\\/wp-content\\\/uploads\\\/2022\\\/05\\\/hero_home.png\",\"contentUrl\":\"https:\\\/\\\/www.invityou.com\\\/wp-content\\\/uploads\\\/2022\\\/05\\\/hero_home.png\",\"width\":2064,\"height\":1632,\"caption\":\"Visuel Invityou 4\"},{\"@type\":\"WebSite\",\"@id\":\"https:\\\/\\\/www.invityou.com\\\/es\\\/#website\",\"url\":\"https:\\\/\\\/www.invityou.com\\\/es\\\/\",\"name\":\"InvitYou\",\"description\":\"Outil de gestion \u00e9v\u00e9nementiel\",\"publisher\":{\"@id\":\"https:\\\/\\\/www.invityou.com\\\/es\\\/#organization\"},\"potentialAction\":[{\"@type\":\"SearchAction\",\"target\":{\"@type\":\"EntryPoint\",\"urlTemplate\":\"https:\\\/\\\/www.invityou.com\\\/es\\\/?s={search_term_string}\"},\"query-input\":{\"@type\":\"PropertyValueSpecification\",\"valueRequired\":true,\"valueName\":\"search_term_string\"}}],\"inLanguage\":\"es\"},{\"@type\":\"Organization\",\"@id\":\"https:\\\/\\\/www.invityou.com\\\/es\\\/#organization\",\"name\":\"InvitYou by CorpoEvents\",\"url\":\"https:\\\/\\\/www.invityou.com\\\/es\\\/\",\"logo\":{\"@type\":\"ImageObject\",\"inLanguage\":\"es\",\"@id\":\"https:\\\/\\\/www.invityou.com\\\/es\\\/#\\\/schema\\\/logo\\\/image\\\/\",\"url\":\"https:\\\/\\\/www.invityou.com\\\/wp-content\\\/uploads\\\/2022\\\/05\\\/cropped-android-chrome-512x512-1.png\",\"contentUrl\":\"https:\\\/\\\/www.invityou.com\\\/wp-content\\\/uploads\\\/2022\\\/05\\\/cropped-android-chrome-512x512-1.png\",\"width\":512,\"height\":512,\"caption\":\"InvitYou by CorpoEvents\"},\"image\":{\"@id\":\"https:\\\/\\\/www.invityou.com\\\/es\\\/#\\\/schema\\\/logo\\\/image\\\/\"},\"sameAs\":[\"https:\\\/\\\/www.facebook.com\\\/pages\\\/CorpoEvents\\\/167858103417650\",\"https:\\\/\\\/x.com\\\/corpo_events\",\"https:\\\/\\\/www.linkedin.com\\\/company\\\/corpoevents\"]}]}<\/script>\n<!-- \/ Yoast SEO plugin. -->","yoast_head_json":{"title":"La plataforma de organizaci\u00f3n y gesti\u00f3n de eventos InvitYou","description":"InvitYou es la plataforma de gesti\u00f3n de eventos profesionales para gestionar tu mismo la organizaci\u00f3n de todo tipo de eventos, de forma eficaz.","robots":{"index":"index","follow":"follow","max-snippet":"max-snippet:-1","max-image-preview":"max-image-preview:large","max-video-preview":"max-video-preview:-1"},"canonical":"https:\/\/www.invityou.com\/es\/","og_locale":"es_ES","og_type":"article","og_title":"La plataforma de organizaci\u00f3n y gesti\u00f3n de eventos InvitYou","og_description":"InvitYou es la plataforma de gesti\u00f3n de eventos profesionales para gestionar tu mismo la organizaci\u00f3n de todo tipo de eventos, de forma eficaz.","og_url":"https:\/\/www.invityou.com\/es\/","og_site_name":"InvitYou","article_publisher":"https:\/\/www.facebook.com\/pages\/CorpoEvents\/167858103417650","article_modified_time":"2025-12-09T08:14:42+00:00","og_image":[{"width":2064,"height":1632,"url":"https:\/\/www.invityou.com\/wp-content\/uploads\/2022\/05\/hero_home.png","type":"image\/png"}],"twitter_card":"summary_large_image","twitter_site":"@corpo_events","twitter_misc":{"Tiempo de lectura":"4 minutos"},"schema":{"@context":"https:\/\/schema.org","@graph":[{"@type":"WebPage","@id":"https:\/\/www.invityou.com\/es\/","url":"https:\/\/www.invityou.com\/es\/","name":"La plataforma de organizaci\u00f3n y gesti\u00f3n de eventos InvitYou","isPartOf":{"@id":"https:\/\/www.invityou.com\/es\/#website"},"primaryImageOfPage":{"@id":"https:\/\/www.invityou.com\/es\/#primaryimage"},"image":{"@id":"https:\/\/www.invityou.com\/es\/#primaryimage"},"thumbnailUrl":"https:\/\/www.invityou.com\/wp-content\/uploads\/2022\/05\/hero_home.png","datePublished":"2022-04-25T06:33:39+00:00","dateModified":"2025-12-09T08:14:42+00:00","description":"InvitYou es la plataforma de gesti\u00f3n de eventos profesionales para gestionar tu mismo la organizaci\u00f3n de todo tipo de eventos, de forma eficaz.","inLanguage":"es","potentialAction":[{"@type":"ReadAction","target":["https:\/\/www.invityou.com\/es\/"]}]},{"@type":"ImageObject","inLanguage":"es","@id":"https:\/\/www.invityou.com\/es\/#primaryimage","url":"https:\/\/www.invityou.com\/wp-content\/uploads\/2022\/05\/hero_home.png","contentUrl":"https:\/\/www.invityou.com\/wp-content\/uploads\/2022\/05\/hero_home.png","width":2064,"height":1632,"caption":"Visuel Invityou 4"},{"@type":"WebSite","@id":"https:\/\/www.invityou.com\/es\/#website","url":"https:\/\/www.invityou.com\/es\/","name":"InvitYou","description":"Outil de gestion \u00e9v\u00e9nementiel","publisher":{"@id":"https:\/\/www.invityou.com\/es\/#organization"},"potentialAction":[{"@type":"SearchAction","target":{"@type":"EntryPoint","urlTemplate":"https:\/\/www.invityou.com\/es\/?s={search_term_string}"},"query-input":{"@type":"PropertyValueSpecification","valueRequired":true,"valueName":"search_term_string"}}],"inLanguage":"es"},{"@type":"Organization","@id":"https:\/\/www.invityou.com\/es\/#organization","name":"InvitYou by CorpoEvents","url":"https:\/\/www.invityou.com\/es\/","logo":{"@type":"ImageObject","inLanguage":"es","@id":"https:\/\/www.invityou.com\/es\/#\/schema\/logo\/image\/","url":"https:\/\/www.invityou.com\/wp-content\/uploads\/2022\/05\/cropped-android-chrome-512x512-1.png","contentUrl":"https:\/\/www.invityou.com\/wp-content\/uploads\/2022\/05\/cropped-android-chrome-512x512-1.png","width":512,"height":512,"caption":"InvitYou by CorpoEvents"},"image":{"@id":"https:\/\/www.invityou.com\/es\/#\/schema\/logo\/image\/"},"sameAs":["https:\/\/www.facebook.com\/pages\/CorpoEvents\/167858103417650","https:\/\/x.com\/corpo_events","https:\/\/www.linkedin.com\/company\/corpoevents"]}]}},"_links":{"self":[{"href":"https:\/\/www.invityou.com\/es\/wp-json\/wp\/v2\/pages\/5169","targetHints":{"allow":["GET"]}}],"collection":[{"href":"https:\/\/www.invityou.com\/es\/wp-json\/wp\/v2\/pages"}],"about":[{"href":"https:\/\/www.invityou.com\/es\/wp-json\/wp\/v2\/types\/page"}],"author":[{"embeddable":true,"href":"https:\/\/www.invityou.com\/es\/wp-json\/wp\/v2\/users\/1"}],"replies":[{"embeddable":true,"href":"https:\/\/www.invityou.com\/es\/wp-json\/wp\/v2\/comments?post=5169"}],"version-history":[{"count":2,"href":"https:\/\/www.invityou.com\/es\/wp-json\/wp\/v2\/pages\/5169\/revisions"}],"predecessor-version":[{"id":5496,"href":"https:\/\/www.invityou.com\/es\/wp-json\/wp\/v2\/pages\/5169\/revisions\/5496"}],"wp:featuredmedia":[{"embeddable":true,"href":"https:\/\/www.invityou.com\/es\/wp-json\/wp\/v2\/media\/5083"}],"wp:attachment":[{"href":"https:\/\/www.invityou.com\/es\/wp-json\/wp\/v2\/media?parent=5169"}],"curies":[{"name":"wp","href":"https:\/\/api.w.org\/{rel}","templated":true}]}}