{"id":5174,"date":"2022-05-02T16:19:19","date_gmt":"2022-05-02T14:19:19","guid":{"rendered":"https:\/\/www.invityou.com\/organizar-y-gestionar-los-preestrenos-de-sus-peliculas-en-linea\/"},"modified":"2026-04-16T17:30:06","modified_gmt":"2026-04-16T15:30:06","slug":"organizar-y-gestionar-los-preestrenos-de-sus-peliculas-en-linea","status":"publish","type":"page","link":"https:\/\/www.invityou.com\/es\/organizar-y-gestionar-los-preestrenos-de-sus-peliculas-en-linea\/","title":{"rendered":"Organizar y gestionar los preestrenos de sus pel\u00edculas en l\u00ednea"},"content":{"rendered":"<div class=\"flex flex-col text-sm pb-25\">\n<section class=\"text-token-text-primary w-full focus:outline-none [--shadow-height:45px] has-data-writing-block:pointer-events-none has-data-writing-block:-mt-(--shadow-height) has-data-writing-block:pt-(--shadow-height) [&amp;:has([data-writing-block])&gt;*]:pointer-events-auto scroll-mt-[calc(var(--header-height)+min(200px,max(70px,20svh)))]\" dir=\"auto\" data-turn-id=\"request-WEB:4e9003f0-4d8b-4d59-b21f-b23fb2d4cf97-1\" data-testid=\"conversation-turn-4\" data-scroll-anchor=\"true\" data-turn=\"assistant\">\n<div class=\"text-base my-auto mx-auto pb-10 [--thread-content-margin:var(--thread-content-margin-xs,calc(var(--spacing)*4))] @w-sm\/main:[--thread-content-margin:var(--thread-content-margin-sm,calc(var(--spacing)*6))] @w-lg\/main:[--thread-content-margin:var(--thread-content-margin-lg,calc(var(--spacing)*16))] px-(--thread-content-margin)\">\n<div class=\"[--thread-content-max-width:40rem] @w-lg\/main:[--thread-content-max-width:48rem] mx-auto max-w-(--thread-content-max-width) flex-1 group\/turn-messages focus-visible:outline-hidden relative flex w-full min-w-0 flex-col agent-turn\">\n<div class=\"flex max-w-full flex-col gap-4 grow\">\n<div class=\"min-h-8 text-message relative flex w-full flex-col items-end gap-2 text-start break-words whitespace-normal outline-none keyboard-focused:focus-ring [.text-message+&amp;]:mt-1\" dir=\"auto\" tabindex=\"0\" data-message-author-role=\"assistant\" data-message-id=\"afacfce8-26d5-4648-a6f6-503f71da45ed\" data-message-model-slug=\"gpt-5-3\" data-turn-start-message=\"true\">\n<div class=\"flex w-full flex-col gap-1 empty:hidden\">\n<div class=\"markdown prose dark:prose-invert w-full wrap-break-word dark markdown-new-styling\">\n<p data-start=\"76\" data-end=\"581\" data-is-last-node=\"\" data-is-only-node=\"\">\u00a1Los preestrenos son uno de los actos m\u00e1s complejos de organizar! Adem\u00e1s de incorporar todas las limitaciones materiales de otros eventos, se dirigen a p\u00fablicos diversos, a los que hay que prestar especial atenci\u00f3n. P\u00fablico en general, socios comerciales, cr\u00edticos, artistas y estrellas&#8230; Para organizar y gestionar los preestrenos de sus pel\u00edculas en l\u00ednea, la anticipaci\u00f3n de cada etapa y su seguimiento minucioso son esenciales. \u00bfSu mejor aliado en esta misi\u00f3n? \u00a1La plataforma de gesti\u00f3n en l\u00ednea!<\/p>\n<\/div>\n<\/div>\n<\/div>\n<\/div>\n<div class=\"mt-3 w-full empty:hidden\">\n<div class=\"text-center\"><\/div>\n<\/div>\n<\/div>\n<\/div>\n<\/section>\n<\/div>\n<h2>\u00bfPor qu\u00e9 organizar un preestreno de una pel\u00edcula?<\/h2>\n<p>En la industria cinematogr\u00e1fica, la organizaci\u00f3n de preestrenos es una obligaci\u00f3n, que se trate de un evento \u00fanico <strong>o de una gira completa<\/strong>. Antes reservados a las grandes industrias cinematogr\u00e1ficas, ahora los preestrenos se contemplan para todo tipo de producciones. Adem\u00e1s, cada vez m\u00e1s organismos (con o sin \u00e1nimo de lucro), optan por esta soluci\u00f3n para ofrecer a sus invitados un momento de ameno y federador.<\/p>\n<h2>Organizar un preestreno: las etapas clave<\/h2>\n<p>La promoci\u00f3n <strong>del preestreno<\/strong> -y por tanto de la pel\u00edcula que se va a proyectar- comienza en la fase previa con todos los intercambios con sus invitados.<\/p>\n<p><strong>Gestionar sus invitados en una plataforma digital de organizaci\u00f3n de eventos<\/strong> permite multiplicar por diez las interacciones con sus invitados, utilizando diversos soportes.<\/p>\n<h3>Antes del evento<\/h3>\n<ul>\n<li>Crear una p\u00e1gina web totalmente personalizada , con la misma imagen que el preestreno<strong><br \/>\n<\/strong><\/li>\n<li>Poner en l\u00ednea la informaci\u00f3n pr\u00e1ctica que necesitan los participantes<\/li>\n<li>Elaborar un programa e integrarlo en los distintos soportes de comunicaci\u00f3n<\/li>\n<li>Contactar con los ponentes y obtener la confirmaci\u00f3n autom\u00e1tica de su asistencia<\/li>\n<li>Elaborar la lista de los invitados<\/li>\n<li>Enviar un <strong>\u00absave the date\u00bb<\/strong><\/li>\n<li>Enviar<strong> las invitaciones oficiales<br \/>\n<\/strong><\/li>\n<li>Enviar <strong>recordatorios a los invitados<\/strong><\/li>\n<li>Generar autom\u00e1ticamente las credenciales para los invitados<\/li>\n<\/ul>\n<p>.. \u00a1todo gracias a <a class=\"color\" title=\"Demande de devis\" href=\"https:\/\/www.invityou.com\/es\/plataforma\/\">InvitYou<\/a>!<\/p>\n<h3>Durante el evento<\/h3>\n<ul>\n<li>Realizar el registro de los participantes y de sus acompa\u00f1antes a trav\u00e9s de la aplicaci\u00f3n <strong>YouCheck<\/strong><\/li>\n<li>Distribuir las credenciales <strong>generadas en la herramienta de gesti\u00f3n en l\u00ednea<\/strong><\/li>\n<li>Comunicar en directo en las redes sociales y aprovechar la influencia de los asistentes para multiplicar por diez su visibilidad<\/li>\n<li>Grabar un v\u00eddeo de las distintas presentaciones<\/li>\n<li><strong>Difundir el v\u00eddeo en directo<\/strong>, para alcanzar el mayor p\u00fablico posible<\/li>\n<\/ul>\n<h3>Despu\u00e9s del evento<\/h3>\n<p>La comunicaci\u00f3n <strong>posterior al evento<\/strong> es un etapa que no debe pasarse por alto. Permite confirmar o desmentir las impresiones que que ha tenido al contacto de sus invitados. Cuid\u00e1ndola, contribuir\u00e1 a dejarles una huella de su evento y <strong>consolidar\u00e1 sus v\u00ednculos privilegiados<\/strong>.<\/p>\n<ul>\n<li>Enviar un email de agradecimiento a todos los presentes en el gran d\u00eda<\/li>\n<li class=\"LC20lb\">Evaluar su \u00e9xito con un cuestionario de satisfacci\u00f3n<\/li>\n<li><strong>Analizar su retorno de su inversi\u00f3n<\/strong> y sus beneficios a trav\u00e9s de las estad\u00edsticas actualizadas autom\u00e1ticamente en su plataforma digital<\/li>\n<\/ul>\n<p><a title=\"D\u00e9couvrez les solutions\" href=\"http:\/\/www.invityou.com\/es\/\">\u00a1Descubra las soluciones post-evento que le ofrece la plataforma InvitYou!<\/a><\/p>\n","protected":false},"excerpt":{"rendered":"<p>\u00a1Los preestrenos son uno de los actos m\u00e1s complejos de organizar! Adem\u00e1s de incorporar todas las limitaciones materiales de otros eventos, se dirigen a p\u00fablicos diversos, a los que hay que prestar especial atenci\u00f3n. P\u00fablico en general, socios comerciales, cr\u00edticos, artistas y estrellas&#8230; Para organizar y gestionar los preestrenos de sus pel\u00edculas en l\u00ednea, la [&hellip;]<\/p>\n","protected":false},"author":1,"featured_media":0,"parent":0,"menu_order":0,"comment_status":"closed","ping_status":"closed","template":"","meta":{"_acf_changed":false,"inline_featured_image":false,"footnotes":""},"class_list":["post-5174","page","type-page","status-publish","hentry"],"acf":[],"yoast_head":"<!-- This site is optimized with the Yoast SEO plugin v27.4 - https:\/\/yoast.com\/product\/yoast-seo-wordpress\/ -->\n<title>Organizar y gestionar los preestrenos de sus pel\u00edculas<\/title>\n<meta name=\"description\" content=\"Organizar y gestionar los preestrenos de sus pel\u00edculas: invitaciones, check-in y seguimiento en una sola plataforma de eventos en l\u00ednea.\" \/>\n<meta name=\"robots\" content=\"index, follow, max-snippet:-1, max-image-preview:large, max-video-preview:-1\" \/>\n<link rel=\"canonical\" href=\"https:\/\/www.invityou.com\/es\/organizar-y-gestionar-los-preestrenos-de-sus-peliculas-en-linea\/\" \/>\n<meta property=\"og:locale\" content=\"es_ES\" \/>\n<meta property=\"og:type\" content=\"article\" \/>\n<meta property=\"og:title\" content=\"Organizar y gestionar los preestrenos de sus pel\u00edculas\" \/>\n<meta property=\"og:description\" content=\"Organizar y gestionar los preestrenos de sus pel\u00edculas: invitaciones, check-in y seguimiento en una sola plataforma de eventos en l\u00ednea.\" \/>\n<meta property=\"og:url\" content=\"https:\/\/www.invityou.com\/es\/organizar-y-gestionar-los-preestrenos-de-sus-peliculas-en-linea\/\" \/>\n<meta property=\"og:site_name\" content=\"InvitYou\" \/>\n<meta property=\"article:publisher\" content=\"https:\/\/www.facebook.com\/pages\/CorpoEvents\/167858103417650\" \/>\n<meta property=\"article:modified_time\" content=\"2026-04-16T15:30:06+00:00\" \/>\n<meta name=\"twitter:card\" content=\"summary_large_image\" \/>\n<meta name=\"twitter:site\" content=\"@corpo_events\" \/>\n<meta name=\"twitter:label1\" content=\"Tiempo de lectura\" \/>\n\t<meta name=\"twitter:data1\" content=\"3 minutos\" \/>\n<script type=\"application\/ld+json\" class=\"yoast-schema-graph\">{\"@context\":\"https:\\\/\\\/schema.org\",\"@graph\":[{\"@type\":\"WebPage\",\"@id\":\"https:\\\/\\\/www.invityou.com\\\/es\\\/organizar-y-gestionar-los-preestrenos-de-sus-peliculas-en-linea\\\/\",\"url\":\"https:\\\/\\\/www.invityou.com\\\/es\\\/organizar-y-gestionar-los-preestrenos-de-sus-peliculas-en-linea\\\/\",\"name\":\"Organizar y gestionar los preestrenos de sus pel\u00edculas\",\"isPartOf\":{\"@id\":\"https:\\\/\\\/www.invityou.com\\\/es\\\/#website\"},\"datePublished\":\"2022-05-02T14:19:19+00:00\",\"dateModified\":\"2026-04-16T15:30:06+00:00\",\"description\":\"Organizar y gestionar los preestrenos de sus pel\u00edculas: invitaciones, check-in y seguimiento en una sola plataforma de eventos en l\u00ednea.\",\"inLanguage\":\"es\",\"potentialAction\":[{\"@type\":\"ReadAction\",\"target\":[\"https:\\\/\\\/www.invityou.com\\\/es\\\/organizar-y-gestionar-los-preestrenos-de-sus-peliculas-en-linea\\\/\"]}]},{\"@type\":\"WebSite\",\"@id\":\"https:\\\/\\\/www.invityou.com\\\/es\\\/#website\",\"url\":\"https:\\\/\\\/www.invityou.com\\\/es\\\/\",\"name\":\"InvitYou\",\"description\":\"Outil de gestion \u00e9v\u00e9nementiel\",\"publisher\":{\"@id\":\"https:\\\/\\\/www.invityou.com\\\/es\\\/#organization\"},\"potentialAction\":[{\"@type\":\"SearchAction\",\"target\":{\"@type\":\"EntryPoint\",\"urlTemplate\":\"https:\\\/\\\/www.invityou.com\\\/es\\\/?s={search_term_string}\"},\"query-input\":{\"@type\":\"PropertyValueSpecification\",\"valueRequired\":true,\"valueName\":\"search_term_string\"}}],\"inLanguage\":\"es\"},{\"@type\":\"Organization\",\"@id\":\"https:\\\/\\\/www.invityou.com\\\/es\\\/#organization\",\"name\":\"InvitYou by CorpoEvents\",\"url\":\"https:\\\/\\\/www.invityou.com\\\/es\\\/\",\"logo\":{\"@type\":\"ImageObject\",\"inLanguage\":\"es\",\"@id\":\"https:\\\/\\\/www.invityou.com\\\/es\\\/#\\\/schema\\\/logo\\\/image\\\/\",\"url\":\"https:\\\/\\\/www.invityou.com\\\/wp-content\\\/uploads\\\/2022\\\/05\\\/cropped-android-chrome-512x512-1.png\",\"contentUrl\":\"https:\\\/\\\/www.invityou.com\\\/wp-content\\\/uploads\\\/2022\\\/05\\\/cropped-android-chrome-512x512-1.png\",\"width\":512,\"height\":512,\"caption\":\"InvitYou by CorpoEvents\"},\"image\":{\"@id\":\"https:\\\/\\\/www.invityou.com\\\/es\\\/#\\\/schema\\\/logo\\\/image\\\/\"},\"sameAs\":[\"https:\\\/\\\/www.facebook.com\\\/pages\\\/CorpoEvents\\\/167858103417650\",\"https:\\\/\\\/x.com\\\/corpo_events\",\"https:\\\/\\\/www.linkedin.com\\\/company\\\/corpoevents\"]}]}<\/script>\n<!-- \/ Yoast SEO plugin. -->","yoast_head_json":{"title":"Organizar y gestionar los preestrenos de sus pel\u00edculas","description":"Organizar y gestionar los preestrenos de sus pel\u00edculas: invitaciones, check-in y seguimiento en una sola plataforma de eventos en l\u00ednea.","robots":{"index":"index","follow":"follow","max-snippet":"max-snippet:-1","max-image-preview":"max-image-preview:large","max-video-preview":"max-video-preview:-1"},"canonical":"https:\/\/www.invityou.com\/es\/organizar-y-gestionar-los-preestrenos-de-sus-peliculas-en-linea\/","og_locale":"es_ES","og_type":"article","og_title":"Organizar y gestionar los preestrenos de sus pel\u00edculas","og_description":"Organizar y gestionar los preestrenos de sus pel\u00edculas: invitaciones, check-in y seguimiento en una sola plataforma de eventos en l\u00ednea.","og_url":"https:\/\/www.invityou.com\/es\/organizar-y-gestionar-los-preestrenos-de-sus-peliculas-en-linea\/","og_site_name":"InvitYou","article_publisher":"https:\/\/www.facebook.com\/pages\/CorpoEvents\/167858103417650","article_modified_time":"2026-04-16T15:30:06+00:00","twitter_card":"summary_large_image","twitter_site":"@corpo_events","twitter_misc":{"Tiempo de lectura":"3 minutos"},"schema":{"@context":"https:\/\/schema.org","@graph":[{"@type":"WebPage","@id":"https:\/\/www.invityou.com\/es\/organizar-y-gestionar-los-preestrenos-de-sus-peliculas-en-linea\/","url":"https:\/\/www.invityou.com\/es\/organizar-y-gestionar-los-preestrenos-de-sus-peliculas-en-linea\/","name":"Organizar y gestionar los preestrenos de sus pel\u00edculas","isPartOf":{"@id":"https:\/\/www.invityou.com\/es\/#website"},"datePublished":"2022-05-02T14:19:19+00:00","dateModified":"2026-04-16T15:30:06+00:00","description":"Organizar y gestionar los preestrenos de sus pel\u00edculas: invitaciones, check-in y seguimiento en una sola plataforma de eventos en l\u00ednea.","inLanguage":"es","potentialAction":[{"@type":"ReadAction","target":["https:\/\/www.invityou.com\/es\/organizar-y-gestionar-los-preestrenos-de-sus-peliculas-en-linea\/"]}]},{"@type":"WebSite","@id":"https:\/\/www.invityou.com\/es\/#website","url":"https:\/\/www.invityou.com\/es\/","name":"InvitYou","description":"Outil de gestion \u00e9v\u00e9nementiel","publisher":{"@id":"https:\/\/www.invityou.com\/es\/#organization"},"potentialAction":[{"@type":"SearchAction","target":{"@type":"EntryPoint","urlTemplate":"https:\/\/www.invityou.com\/es\/?s={search_term_string}"},"query-input":{"@type":"PropertyValueSpecification","valueRequired":true,"valueName":"search_term_string"}}],"inLanguage":"es"},{"@type":"Organization","@id":"https:\/\/www.invityou.com\/es\/#organization","name":"InvitYou by CorpoEvents","url":"https:\/\/www.invityou.com\/es\/","logo":{"@type":"ImageObject","inLanguage":"es","@id":"https:\/\/www.invityou.com\/es\/#\/schema\/logo\/image\/","url":"https:\/\/www.invityou.com\/wp-content\/uploads\/2022\/05\/cropped-android-chrome-512x512-1.png","contentUrl":"https:\/\/www.invityou.com\/wp-content\/uploads\/2022\/05\/cropped-android-chrome-512x512-1.png","width":512,"height":512,"caption":"InvitYou by CorpoEvents"},"image":{"@id":"https:\/\/www.invityou.com\/es\/#\/schema\/logo\/image\/"},"sameAs":["https:\/\/www.facebook.com\/pages\/CorpoEvents\/167858103417650","https:\/\/x.com\/corpo_events","https:\/\/www.linkedin.com\/company\/corpoevents"]}]}},"_links":{"self":[{"href":"https:\/\/www.invityou.com\/es\/wp-json\/wp\/v2\/pages\/5174","targetHints":{"allow":["GET"]}}],"collection":[{"href":"https:\/\/www.invityou.com\/es\/wp-json\/wp\/v2\/pages"}],"about":[{"href":"https:\/\/www.invityou.com\/es\/wp-json\/wp\/v2\/types\/page"}],"author":[{"embeddable":true,"href":"https:\/\/www.invityou.com\/es\/wp-json\/wp\/v2\/users\/1"}],"replies":[{"embeddable":true,"href":"https:\/\/www.invityou.com\/es\/wp-json\/wp\/v2\/comments?post=5174"}],"version-history":[{"count":3,"href":"https:\/\/www.invityou.com\/es\/wp-json\/wp\/v2\/pages\/5174\/revisions"}],"predecessor-version":[{"id":5986,"href":"https:\/\/www.invityou.com\/es\/wp-json\/wp\/v2\/pages\/5174\/revisions\/5986"}],"wp:attachment":[{"href":"https:\/\/www.invityou.com\/es\/wp-json\/wp\/v2\/media?parent=5174"}],"curies":[{"name":"wp","href":"https:\/\/api.w.org\/{rel}","templated":true}]}}