{"id":5175,"date":"2022-05-02T16:17:23","date_gmt":"2022-05-02T14:17:23","guid":{"rendered":"https:\/\/www.invityou.com\/organizar-y-gestionar-sus-eventos-nocturnos\/"},"modified":"2026-04-07T17:12:46","modified_gmt":"2026-04-07T15:12:46","slug":"organizar-y-gestionar-sus-eventos-nocturnos","status":"publish","type":"page","link":"https:\/\/www.invityou.com\/es\/organizar-y-gestionar-sus-eventos-nocturnos\/","title":{"rendered":"Organizar y gestionar sus eventos nocturnos"},"content":{"rendered":"<p>Un evento nocturno le permite asociar la imagen de su sociedad con un momento festivo y ameno. \u00a1Su objetivo es de transmitir un mensaje y <strong>causar una impresi\u00f3n duradera!<\/strong> Por lo tanto, la comunicaci\u00f3n en torno a este evento y la la forma de gestionar los invitados deben ser impecables. Para ello, InvitYou es su mejor aliado;)<\/p>\n<hr \/>\n<h2>\u00bfPor qu\u00e9 organizar un evento nocturno?<\/h2>\n<p>Un evento nocturno brinda la oportunidad de reunir a todos sus colaboradores, clientes, clientes potenciales, proveedores y\/o socios. \u00a1Necesita <strong>informar, convencer y gestionar, a todos estos tipos de p\u00fablico!<\/strong> Es un objetivo arduo, pero que puede aportar beneficios nada despreciables. Entre otras cosas, la velada fidelizar\u00e1 a sus invitados, a la vez que\u00a0<strong>reforzar\u00e1 la confianza que tienen en su empresa<\/strong>.<\/p>\n<hr \/>\n<h2 class=\"orange animafter-gris-e\">Organizar un evento nocturno: las etapas clave<\/h2>\n<p><strong>Organizar un evento nocturno requiere mucho rigor y tiempo<\/strong>. \u00a1Para maximizar su \u00e9xito, lo mejor es dejar lo menos posible al azar y seguir su desarrollo d\u00eda a d\u00eda, a trav\u00e9s de una plataforma de gesti\u00f3n en l\u00ednea!<\/p>\n<h3>Antes de la velada<\/h3>\n<ul>\n<li>Determinar el <strong>p\u00fablico destinatario<\/strong> de su evento: clientes, clientes potenciales, socios, proveedores, colaboradores, etc.<\/li>\n<li>Elaborar una lista de los potenciales ponentes (discursos, agradecimientos)<\/li>\n<li>Crear una p\u00e1gina web del evento con la misma imagen<\/li>\n<li>Poner en l\u00ednea la informaci\u00f3n pr\u00e1ctica que necesitan los participantes<\/li>\n<li>Crear y poner en l\u00ednea el programa: animaciones, actividades, comidas, etc.<\/li>\n<li>Enviar un <strong>save the date, invitaciones, recordatorios, etc.<\/strong><\/li>\n<\/ul>\n<p><a title=\"Fonctionnalit\u00e9s\" href=\"https:\/\/www.invityou.com\/es\/\">Para m\u00e1s informaci\u00f3n&#8230;<\/a><\/p>\n<h3>Durante la velada<\/h3>\n<ul>\n<li>Dar la bienvenida e instalar a los ponentes<\/li>\n<li>Dar la bienvenida a los invitados utilizando una aplicaci\u00f3n de registro<strong> como YouChek<\/strong><\/li>\n<li>Distribuir las <strong>credenciales generadas en la<\/strong> plataforma de gesti\u00f3n en l\u00ednea<\/li>\n<li>Comunicar en directo en las redes sociales<\/li>\n<li>Grabar un v\u00eddeo de las distintas presentaciones<\/li>\n<li><strong>Difundir el v\u00eddeo en directo<\/strong>, para alcanzar el p\u00fablico destinatario<\/li>\n<\/ul>\n<h3>Despu\u00e9s de la velada<\/h3>\n<ul>\n<li>Enviar un email de agradecimientos a todos los asistentes del gran d\u00eda<\/li>\n<li>Evaluar el evento con un cuestionario de satisfacci\u00f3n<\/li>\n<li><strong>Analizar el retorno de su inversi\u00f3n<\/strong> y sus beneficios a trav\u00e9s de las estad\u00edsticas actualizadas autom\u00e1ticamente en su plataforma digital.<\/li>\n<\/ul>\n<p>El equipo de InvitYou le ayudar\u00e1 a organizar tu evento nocturno: \u00a1descubra todas <a href=\"https:\/\/www.invityou.com\/es\/plataforma\/\" target=\"_blank\" rel=\"noopener\">nuestras funcionalidades!<\/a><\/p>\n","protected":false},"excerpt":{"rendered":"<p>Un evento nocturno le permite asociar la imagen de su sociedad con un momento festivo y ameno. \u00a1Su objetivo es de transmitir un mensaje y causar una impresi\u00f3n duradera! Por lo tanto, la comunicaci\u00f3n en torno a este evento y la la forma de gestionar los invitados deben ser impecables. Para ello, InvitYou es su [&hellip;]<\/p>\n","protected":false},"author":1,"featured_media":0,"parent":0,"menu_order":0,"comment_status":"closed","ping_status":"closed","template":"","meta":{"_acf_changed":false,"inline_featured_image":false,"footnotes":""},"class_list":["post-5175","page","type-page","status-publish","hentry"],"acf":[],"yoast_head":"<!-- This site is optimized with the Yoast SEO plugin v27.4 - https:\/\/yoast.com\/product\/yoast-seo-wordpress\/ -->\n<title>Gesti\u00f3n de eventos nocturnos en l\u00ednea - Soluci\u00f3n InvitYou<\/title>\n<meta name=\"description\" content=\"Los eventos nocturnos permiten a las empresas asociar su imagen a un acontecimiento festivo. Maximice su \u00e9xito con la plataforma InvitYou\" \/>\n<meta name=\"robots\" content=\"index, follow, max-snippet:-1, max-image-preview:large, max-video-preview:-1\" \/>\n<link rel=\"canonical\" href=\"https:\/\/www.invityou.com\/es\/organizar-y-gestionar-sus-eventos-nocturnos\/\" \/>\n<meta property=\"og:locale\" content=\"es_ES\" \/>\n<meta property=\"og:type\" content=\"article\" \/>\n<meta property=\"og:title\" content=\"Gesti\u00f3n de eventos nocturnos en l\u00ednea - Soluci\u00f3n InvitYou\" \/>\n<meta property=\"og:description\" content=\"Los eventos nocturnos permiten a las empresas asociar su imagen a un acontecimiento festivo. Maximice su \u00e9xito con la plataforma InvitYou\" \/>\n<meta property=\"og:url\" content=\"https:\/\/www.invityou.com\/es\/organizar-y-gestionar-sus-eventos-nocturnos\/\" \/>\n<meta property=\"og:site_name\" content=\"InvitYou\" \/>\n<meta property=\"article:publisher\" content=\"https:\/\/www.facebook.com\/pages\/CorpoEvents\/167858103417650\" \/>\n<meta property=\"article:modified_time\" content=\"2026-04-07T15:12:46+00:00\" \/>\n<meta name=\"twitter:card\" content=\"summary_large_image\" \/>\n<meta name=\"twitter:site\" content=\"@corpo_events\" \/>\n<meta name=\"twitter:label1\" content=\"Tiempo de lectura\" \/>\n\t<meta name=\"twitter:data1\" content=\"2 minutos\" \/>\n<script type=\"application\/ld+json\" class=\"yoast-schema-graph\">{\"@context\":\"https:\\\/\\\/schema.org\",\"@graph\":[{\"@type\":\"WebPage\",\"@id\":\"https:\\\/\\\/www.invityou.com\\\/es\\\/organizar-y-gestionar-sus-eventos-nocturnos\\\/\",\"url\":\"https:\\\/\\\/www.invityou.com\\\/es\\\/organizar-y-gestionar-sus-eventos-nocturnos\\\/\",\"name\":\"Gesti\u00f3n de eventos nocturnos en l\u00ednea - Soluci\u00f3n InvitYou\",\"isPartOf\":{\"@id\":\"https:\\\/\\\/www.invityou.com\\\/es\\\/#website\"},\"datePublished\":\"2022-05-02T14:17:23+00:00\",\"dateModified\":\"2026-04-07T15:12:46+00:00\",\"description\":\"Los eventos nocturnos permiten a las empresas asociar su imagen a un acontecimiento festivo. Maximice su \u00e9xito con la plataforma InvitYou\",\"inLanguage\":\"es\",\"potentialAction\":[{\"@type\":\"ReadAction\",\"target\":[\"https:\\\/\\\/www.invityou.com\\\/es\\\/organizar-y-gestionar-sus-eventos-nocturnos\\\/\"]}]},{\"@type\":\"WebSite\",\"@id\":\"https:\\\/\\\/www.invityou.com\\\/es\\\/#website\",\"url\":\"https:\\\/\\\/www.invityou.com\\\/es\\\/\",\"name\":\"InvitYou\",\"description\":\"Outil de gestion \u00e9v\u00e9nementiel\",\"publisher\":{\"@id\":\"https:\\\/\\\/www.invityou.com\\\/es\\\/#organization\"},\"potentialAction\":[{\"@type\":\"SearchAction\",\"target\":{\"@type\":\"EntryPoint\",\"urlTemplate\":\"https:\\\/\\\/www.invityou.com\\\/es\\\/?s={search_term_string}\"},\"query-input\":{\"@type\":\"PropertyValueSpecification\",\"valueRequired\":true,\"valueName\":\"search_term_string\"}}],\"inLanguage\":\"es\"},{\"@type\":\"Organization\",\"@id\":\"https:\\\/\\\/www.invityou.com\\\/es\\\/#organization\",\"name\":\"InvitYou by CorpoEvents\",\"url\":\"https:\\\/\\\/www.invityou.com\\\/es\\\/\",\"logo\":{\"@type\":\"ImageObject\",\"inLanguage\":\"es\",\"@id\":\"https:\\\/\\\/www.invityou.com\\\/es\\\/#\\\/schema\\\/logo\\\/image\\\/\",\"url\":\"https:\\\/\\\/www.invityou.com\\\/wp-content\\\/uploads\\\/2022\\\/05\\\/cropped-android-chrome-512x512-1.png\",\"contentUrl\":\"https:\\\/\\\/www.invityou.com\\\/wp-content\\\/uploads\\\/2022\\\/05\\\/cropped-android-chrome-512x512-1.png\",\"width\":512,\"height\":512,\"caption\":\"InvitYou by CorpoEvents\"},\"image\":{\"@id\":\"https:\\\/\\\/www.invityou.com\\\/es\\\/#\\\/schema\\\/logo\\\/image\\\/\"},\"sameAs\":[\"https:\\\/\\\/www.facebook.com\\\/pages\\\/CorpoEvents\\\/167858103417650\",\"https:\\\/\\\/x.com\\\/corpo_events\",\"https:\\\/\\\/www.linkedin.com\\\/company\\\/corpoevents\"]}]}<\/script>\n<!-- \/ Yoast SEO plugin. -->","yoast_head_json":{"title":"Gesti\u00f3n de eventos nocturnos en l\u00ednea - Soluci\u00f3n InvitYou","description":"Los eventos nocturnos permiten a las empresas asociar su imagen a un acontecimiento festivo. Maximice su \u00e9xito con la plataforma InvitYou","robots":{"index":"index","follow":"follow","max-snippet":"max-snippet:-1","max-image-preview":"max-image-preview:large","max-video-preview":"max-video-preview:-1"},"canonical":"https:\/\/www.invityou.com\/es\/organizar-y-gestionar-sus-eventos-nocturnos\/","og_locale":"es_ES","og_type":"article","og_title":"Gesti\u00f3n de eventos nocturnos en l\u00ednea - Soluci\u00f3n InvitYou","og_description":"Los eventos nocturnos permiten a las empresas asociar su imagen a un acontecimiento festivo. Maximice su \u00e9xito con la plataforma InvitYou","og_url":"https:\/\/www.invityou.com\/es\/organizar-y-gestionar-sus-eventos-nocturnos\/","og_site_name":"InvitYou","article_publisher":"https:\/\/www.facebook.com\/pages\/CorpoEvents\/167858103417650","article_modified_time":"2026-04-07T15:12:46+00:00","twitter_card":"summary_large_image","twitter_site":"@corpo_events","twitter_misc":{"Tiempo de lectura":"2 minutos"},"schema":{"@context":"https:\/\/schema.org","@graph":[{"@type":"WebPage","@id":"https:\/\/www.invityou.com\/es\/organizar-y-gestionar-sus-eventos-nocturnos\/","url":"https:\/\/www.invityou.com\/es\/organizar-y-gestionar-sus-eventos-nocturnos\/","name":"Gesti\u00f3n de eventos nocturnos en l\u00ednea - Soluci\u00f3n InvitYou","isPartOf":{"@id":"https:\/\/www.invityou.com\/es\/#website"},"datePublished":"2022-05-02T14:17:23+00:00","dateModified":"2026-04-07T15:12:46+00:00","description":"Los eventos nocturnos permiten a las empresas asociar su imagen a un acontecimiento festivo. Maximice su \u00e9xito con la plataforma InvitYou","inLanguage":"es","potentialAction":[{"@type":"ReadAction","target":["https:\/\/www.invityou.com\/es\/organizar-y-gestionar-sus-eventos-nocturnos\/"]}]},{"@type":"WebSite","@id":"https:\/\/www.invityou.com\/es\/#website","url":"https:\/\/www.invityou.com\/es\/","name":"InvitYou","description":"Outil de gestion \u00e9v\u00e9nementiel","publisher":{"@id":"https:\/\/www.invityou.com\/es\/#organization"},"potentialAction":[{"@type":"SearchAction","target":{"@type":"EntryPoint","urlTemplate":"https:\/\/www.invityou.com\/es\/?s={search_term_string}"},"query-input":{"@type":"PropertyValueSpecification","valueRequired":true,"valueName":"search_term_string"}}],"inLanguage":"es"},{"@type":"Organization","@id":"https:\/\/www.invityou.com\/es\/#organization","name":"InvitYou by CorpoEvents","url":"https:\/\/www.invityou.com\/es\/","logo":{"@type":"ImageObject","inLanguage":"es","@id":"https:\/\/www.invityou.com\/es\/#\/schema\/logo\/image\/","url":"https:\/\/www.invityou.com\/wp-content\/uploads\/2022\/05\/cropped-android-chrome-512x512-1.png","contentUrl":"https:\/\/www.invityou.com\/wp-content\/uploads\/2022\/05\/cropped-android-chrome-512x512-1.png","width":512,"height":512,"caption":"InvitYou by CorpoEvents"},"image":{"@id":"https:\/\/www.invityou.com\/es\/#\/schema\/logo\/image\/"},"sameAs":["https:\/\/www.facebook.com\/pages\/CorpoEvents\/167858103417650","https:\/\/x.com\/corpo_events","https:\/\/www.linkedin.com\/company\/corpoevents"]}]}},"_links":{"self":[{"href":"https:\/\/www.invityou.com\/es\/wp-json\/wp\/v2\/pages\/5175","targetHints":{"allow":["GET"]}}],"collection":[{"href":"https:\/\/www.invityou.com\/es\/wp-json\/wp\/v2\/pages"}],"about":[{"href":"https:\/\/www.invityou.com\/es\/wp-json\/wp\/v2\/types\/page"}],"author":[{"embeddable":true,"href":"https:\/\/www.invityou.com\/es\/wp-json\/wp\/v2\/users\/1"}],"replies":[{"embeddable":true,"href":"https:\/\/www.invityou.com\/es\/wp-json\/wp\/v2\/comments?post=5175"}],"version-history":[{"count":1,"href":"https:\/\/www.invityou.com\/es\/wp-json\/wp\/v2\/pages\/5175\/revisions"}],"predecessor-version":[{"id":5787,"href":"https:\/\/www.invityou.com\/es\/wp-json\/wp\/v2\/pages\/5175\/revisions\/5787"}],"wp:attachment":[{"href":"https:\/\/www.invityou.com\/es\/wp-json\/wp\/v2\/media?parent=5175"}],"curies":[{"name":"wp","href":"https:\/\/api.w.org\/{rel}","templated":true}]}}