{"id":5177,"date":"2022-05-02T16:02:39","date_gmt":"2022-05-02T14:02:39","guid":{"rendered":"https:\/\/www.invityou.com\/organizar-y-gestionar-sus-seminarios-y-convenciones-corporativas-en-linea\/"},"modified":"2026-04-08T16:03:30","modified_gmt":"2026-04-08T14:03:30","slug":"organizar-y-gestionar-sus-seminarios-y-convenciones-corporativas-en-linea","status":"publish","type":"page","link":"https:\/\/www.invityou.com\/es\/organizar-y-gestionar-sus-seminarios-y-convenciones-corporativas-en-linea\/","title":{"rendered":"Organiza y gestiona tus seminarios y convenciones en l\u00ednea"},"content":{"rendered":"<p>Herramientas de gesti\u00f3n indispensables para el correcto funcionamiento de su empresa;<strong>.<\/strong> el seminario y\/o la convenci\u00f3n re\u00fanen a sus colaboradores, a la vez que fomentan la comunicaci\u00f3n y el intercambio de una experiencia colectiva. Para optimizar los intercambios entre los distintos miembros de su equipo, opte por una plataforma de gesti\u00f3n en l\u00ednea que le permita <strong>cuidar sus soportes de comunicaci\u00f3n<\/strong> y ofrecer <strong>un marco estructurado para sus interacciones<\/strong>.<\/p>\n<hr \/>\n<h2>\u00bfPor qu\u00e9 organizar un seminario o una convenci\u00f3n?<\/h2>\n<p>La funci\u00f3n principal de un seminario es de mejorar el clima social dentro de la empresa y de fomentar la creaci\u00f3n de v\u00ednculos entre los empleados. Las actividades propuestas durante estas estancias est\u00e1n destinadas a <strong>reforzar la cohesi\u00f3n de los equipos <\/strong>y establecer un di\u00e1logo con la direcci\u00f3n.<\/p>\n<hr \/>\n<h2>\u00bfCu\u00e1les son las etapas clave de la organizaci\u00f3n de un seminario o una convenci\u00f3n?<\/h2>\n<p><strong>La organizaci\u00f3n de un seminario o una convenci\u00f3n<\/strong> requiere una preparaci\u00f3n minuciosa, para anticipar los mejores resultados posibles antes.<\/p>\n<h3>Antes del evento<\/h3>\n<p><strong>Comunicaci\u00f3n en torno al evento<\/strong><\/p>\n<p>Esto empieza cuando la planificaci\u00f3n est\u00e1 lista y requiere mucho rigor&#8230; algo dif\u00edcil de conseguir si solo se utilizan hojas de c\u00e1lculo Excel. <strong>\u00a1Ahorre tiempo y sorprenda a sus invitados<\/strong> con la plataforma InvitYou! Sus tareas:<\/p>\n<ul>\n<li>Establecer la lista de participantes<\/li>\n<li><strong>Crear la p\u00e1gina web de su evento<\/strong> con la imagen su seminario<\/li>\n<li>Poner el programa en l\u00ednea<\/li>\n<li>Controlar el env\u00edo de sus <strong>invitaciones y recordatorios<\/strong><\/li>\n<li>Crear su<strong> formulario de inscripci\u00f3n en l\u00ednea<\/strong> y recoger todas las respuestas<\/li>\n<li>Generar sus credenciales autom\u00e1ticamente en su plataforma<\/li>\n<\/ul>\n<p><a href=\"https:\/\/www.invityou.com\/es\/contacto\/\" target=\"_blank\" rel=\"noopener\">\u00a1Empiece a organizar su seminario con InvitYou!<\/a><\/p>\n<h3>Durante el evento<\/h3>\n<ul>\n<li>Gestionar informaci\u00f3n pr\u00e1ctica para cada invitado (men\u00fas, participaci\u00f3n en actividades, etc.).)<\/li>\n<li>Comunicar en directo en las redes sociales<\/li>\n<li>Grabar un v\u00eddeo de sus ponencias (si prev\u00e9 alguna)<\/li>\n<li><strong>Transmitir el v\u00eddeo en directo<\/strong>, para que alcance el p\u00fablico destinatario<\/li>\n<li>Facilitar el networking<\/li>\n<\/ul>\n<h3>Despu\u00e9s del evento<\/h3>\n<ul>\n<li>Enviar un email de agradecimientos a todos los colaboradores presentes<\/li>\n<li>Evaluar su seminario enviando con un formulario de satisfacci\u00f3n<\/li>\n<li><strong>Analizar el retorno de su inversi\u00f3n<\/strong> y sus beneficios a trav\u00e9s de las estad\u00edsticas actualizadas autom\u00e1ticamente en su plataforma digital<\/li>\n<\/ul>\n<p>Aplicar un plan de evaluaci\u00f3n permite saber si se han alcanzado los objetivos que se hab\u00eda fijado y qu\u00e9 podr\u00eda mejorar. Organice seminarios impactantes para sus equipos. <a href=\"https:\/\/www.invityou.com\/es\/\" target=\"_blank\" rel=\"noopener\">\u00a1Pase a una velocidad superior con InvitYou<\/a>!<\/p>\n","protected":false},"excerpt":{"rendered":"<p>Herramientas de gesti\u00f3n indispensables para el correcto funcionamiento de su empresa;. el seminario y\/o la convenci\u00f3n re\u00fanen a sus colaboradores, a la vez que fomentan la comunicaci\u00f3n y el intercambio de una experiencia colectiva. Para optimizar los intercambios entre los distintos miembros de su equipo, opte por una plataforma de gesti\u00f3n en l\u00ednea que le [&hellip;]<\/p>\n","protected":false},"author":1,"featured_media":0,"parent":0,"menu_order":0,"comment_status":"closed","ping_status":"closed","template":"","meta":{"_acf_changed":false,"inline_featured_image":false,"footnotes":""},"class_list":["post-5177","page","type-page","status-publish","hentry"],"acf":[],"yoast_head":"<!-- This site is optimized with the Yoast SEO plugin v27.4 - https:\/\/yoast.com\/product\/yoast-seo-wordpress\/ -->\n<title>Organiza y gestiona tus seminarios y convenciones en l\u00ednea<\/title>\n<meta name=\"description\" content=\"La soluci\u00f3n de la plataforma InvitYou le permite gestionar usted mismo sus propios seminarios y convenciones, de forma profesional y eficaz.\" \/>\n<meta name=\"robots\" content=\"index, follow, max-snippet:-1, max-image-preview:large, max-video-preview:-1\" \/>\n<link rel=\"canonical\" href=\"https:\/\/www.invityou.com\/es\/organizar-y-gestionar-sus-seminarios-y-convenciones-corporativas-en-linea\/\" \/>\n<meta property=\"og:locale\" content=\"es_ES\" \/>\n<meta property=\"og:type\" content=\"article\" \/>\n<meta property=\"og:title\" content=\"Organiza y gestiona tus seminarios y convenciones en l\u00ednea\" \/>\n<meta property=\"og:description\" content=\"La soluci\u00f3n de la plataforma InvitYou le permite gestionar usted mismo sus propios seminarios y convenciones, de forma profesional y eficaz.\" \/>\n<meta property=\"og:url\" content=\"https:\/\/www.invityou.com\/es\/organizar-y-gestionar-sus-seminarios-y-convenciones-corporativas-en-linea\/\" \/>\n<meta property=\"og:site_name\" content=\"InvitYou\" \/>\n<meta property=\"article:publisher\" content=\"https:\/\/www.facebook.com\/pages\/CorpoEvents\/167858103417650\" \/>\n<meta property=\"article:modified_time\" content=\"2026-04-08T14:03:30+00:00\" \/>\n<meta name=\"twitter:card\" content=\"summary_large_image\" \/>\n<meta name=\"twitter:site\" content=\"@corpo_events\" \/>\n<meta name=\"twitter:label1\" content=\"Tiempo de lectura\" \/>\n\t<meta name=\"twitter:data1\" content=\"2 minutos\" \/>\n<script type=\"application\/ld+json\" class=\"yoast-schema-graph\">{\"@context\":\"https:\\\/\\\/schema.org\",\"@graph\":[{\"@type\":\"WebPage\",\"@id\":\"https:\\\/\\\/www.invityou.com\\\/es\\\/organizar-y-gestionar-sus-seminarios-y-convenciones-corporativas-en-linea\\\/\",\"url\":\"https:\\\/\\\/www.invityou.com\\\/es\\\/organizar-y-gestionar-sus-seminarios-y-convenciones-corporativas-en-linea\\\/\",\"name\":\"Organiza y gestiona tus seminarios y convenciones en l\u00ednea\",\"isPartOf\":{\"@id\":\"https:\\\/\\\/www.invityou.com\\\/es\\\/#website\"},\"datePublished\":\"2022-05-02T14:02:39+00:00\",\"dateModified\":\"2026-04-08T14:03:30+00:00\",\"description\":\"La soluci\u00f3n de la plataforma InvitYou le permite gestionar usted mismo sus propios seminarios y convenciones, de forma profesional y eficaz.\",\"inLanguage\":\"es\",\"potentialAction\":[{\"@type\":\"ReadAction\",\"target\":[\"https:\\\/\\\/www.invityou.com\\\/es\\\/organizar-y-gestionar-sus-seminarios-y-convenciones-corporativas-en-linea\\\/\"]}]},{\"@type\":\"WebSite\",\"@id\":\"https:\\\/\\\/www.invityou.com\\\/es\\\/#website\",\"url\":\"https:\\\/\\\/www.invityou.com\\\/es\\\/\",\"name\":\"InvitYou\",\"description\":\"Outil de gestion \u00e9v\u00e9nementiel\",\"publisher\":{\"@id\":\"https:\\\/\\\/www.invityou.com\\\/es\\\/#organization\"},\"potentialAction\":[{\"@type\":\"SearchAction\",\"target\":{\"@type\":\"EntryPoint\",\"urlTemplate\":\"https:\\\/\\\/www.invityou.com\\\/es\\\/?s={search_term_string}\"},\"query-input\":{\"@type\":\"PropertyValueSpecification\",\"valueRequired\":true,\"valueName\":\"search_term_string\"}}],\"inLanguage\":\"es\"},{\"@type\":\"Organization\",\"@id\":\"https:\\\/\\\/www.invityou.com\\\/es\\\/#organization\",\"name\":\"InvitYou by CorpoEvents\",\"url\":\"https:\\\/\\\/www.invityou.com\\\/es\\\/\",\"logo\":{\"@type\":\"ImageObject\",\"inLanguage\":\"es\",\"@id\":\"https:\\\/\\\/www.invityou.com\\\/es\\\/#\\\/schema\\\/logo\\\/image\\\/\",\"url\":\"https:\\\/\\\/www.invityou.com\\\/wp-content\\\/uploads\\\/2022\\\/05\\\/cropped-android-chrome-512x512-1.png\",\"contentUrl\":\"https:\\\/\\\/www.invityou.com\\\/wp-content\\\/uploads\\\/2022\\\/05\\\/cropped-android-chrome-512x512-1.png\",\"width\":512,\"height\":512,\"caption\":\"InvitYou by CorpoEvents\"},\"image\":{\"@id\":\"https:\\\/\\\/www.invityou.com\\\/es\\\/#\\\/schema\\\/logo\\\/image\\\/\"},\"sameAs\":[\"https:\\\/\\\/www.facebook.com\\\/pages\\\/CorpoEvents\\\/167858103417650\",\"https:\\\/\\\/x.com\\\/corpo_events\",\"https:\\\/\\\/www.linkedin.com\\\/company\\\/corpoevents\"]}]}<\/script>\n<!-- \/ Yoast SEO plugin. -->","yoast_head_json":{"title":"Organiza y gestiona tus seminarios y convenciones en l\u00ednea","description":"La soluci\u00f3n de la plataforma InvitYou le permite gestionar usted mismo sus propios seminarios y convenciones, de forma profesional y eficaz.","robots":{"index":"index","follow":"follow","max-snippet":"max-snippet:-1","max-image-preview":"max-image-preview:large","max-video-preview":"max-video-preview:-1"},"canonical":"https:\/\/www.invityou.com\/es\/organizar-y-gestionar-sus-seminarios-y-convenciones-corporativas-en-linea\/","og_locale":"es_ES","og_type":"article","og_title":"Organiza y gestiona tus seminarios y convenciones en l\u00ednea","og_description":"La soluci\u00f3n de la plataforma InvitYou le permite gestionar usted mismo sus propios seminarios y convenciones, de forma profesional y eficaz.","og_url":"https:\/\/www.invityou.com\/es\/organizar-y-gestionar-sus-seminarios-y-convenciones-corporativas-en-linea\/","og_site_name":"InvitYou","article_publisher":"https:\/\/www.facebook.com\/pages\/CorpoEvents\/167858103417650","article_modified_time":"2026-04-08T14:03:30+00:00","twitter_card":"summary_large_image","twitter_site":"@corpo_events","twitter_misc":{"Tiempo de lectura":"2 minutos"},"schema":{"@context":"https:\/\/schema.org","@graph":[{"@type":"WebPage","@id":"https:\/\/www.invityou.com\/es\/organizar-y-gestionar-sus-seminarios-y-convenciones-corporativas-en-linea\/","url":"https:\/\/www.invityou.com\/es\/organizar-y-gestionar-sus-seminarios-y-convenciones-corporativas-en-linea\/","name":"Organiza y gestiona tus seminarios y convenciones en l\u00ednea","isPartOf":{"@id":"https:\/\/www.invityou.com\/es\/#website"},"datePublished":"2022-05-02T14:02:39+00:00","dateModified":"2026-04-08T14:03:30+00:00","description":"La soluci\u00f3n de la plataforma InvitYou le permite gestionar usted mismo sus propios seminarios y convenciones, de forma profesional y eficaz.","inLanguage":"es","potentialAction":[{"@type":"ReadAction","target":["https:\/\/www.invityou.com\/es\/organizar-y-gestionar-sus-seminarios-y-convenciones-corporativas-en-linea\/"]}]},{"@type":"WebSite","@id":"https:\/\/www.invityou.com\/es\/#website","url":"https:\/\/www.invityou.com\/es\/","name":"InvitYou","description":"Outil de gestion \u00e9v\u00e9nementiel","publisher":{"@id":"https:\/\/www.invityou.com\/es\/#organization"},"potentialAction":[{"@type":"SearchAction","target":{"@type":"EntryPoint","urlTemplate":"https:\/\/www.invityou.com\/es\/?s={search_term_string}"},"query-input":{"@type":"PropertyValueSpecification","valueRequired":true,"valueName":"search_term_string"}}],"inLanguage":"es"},{"@type":"Organization","@id":"https:\/\/www.invityou.com\/es\/#organization","name":"InvitYou by CorpoEvents","url":"https:\/\/www.invityou.com\/es\/","logo":{"@type":"ImageObject","inLanguage":"es","@id":"https:\/\/www.invityou.com\/es\/#\/schema\/logo\/image\/","url":"https:\/\/www.invityou.com\/wp-content\/uploads\/2022\/05\/cropped-android-chrome-512x512-1.png","contentUrl":"https:\/\/www.invityou.com\/wp-content\/uploads\/2022\/05\/cropped-android-chrome-512x512-1.png","width":512,"height":512,"caption":"InvitYou by CorpoEvents"},"image":{"@id":"https:\/\/www.invityou.com\/es\/#\/schema\/logo\/image\/"},"sameAs":["https:\/\/www.facebook.com\/pages\/CorpoEvents\/167858103417650","https:\/\/x.com\/corpo_events","https:\/\/www.linkedin.com\/company\/corpoevents"]}]}},"_links":{"self":[{"href":"https:\/\/www.invityou.com\/es\/wp-json\/wp\/v2\/pages\/5177","targetHints":{"allow":["GET"]}}],"collection":[{"href":"https:\/\/www.invityou.com\/es\/wp-json\/wp\/v2\/pages"}],"about":[{"href":"https:\/\/www.invityou.com\/es\/wp-json\/wp\/v2\/types\/page"}],"author":[{"embeddable":true,"href":"https:\/\/www.invityou.com\/es\/wp-json\/wp\/v2\/users\/1"}],"replies":[{"embeddable":true,"href":"https:\/\/www.invityou.com\/es\/wp-json\/wp\/v2\/comments?post=5177"}],"version-history":[{"count":2,"href":"https:\/\/www.invityou.com\/es\/wp-json\/wp\/v2\/pages\/5177\/revisions"}],"predecessor-version":[{"id":5794,"href":"https:\/\/www.invityou.com\/es\/wp-json\/wp\/v2\/pages\/5177\/revisions\/5794"}],"wp:attachment":[{"href":"https:\/\/www.invityou.com\/es\/wp-json\/wp\/v2\/media?parent=5177"}],"curies":[{"name":"wp","href":"https:\/\/api.w.org\/{rel}","templated":true}]}}