{"id":5178,"date":"2022-04-29T14:35:15","date_gmt":"2022-04-29T12:35:15","guid":{"rendered":"https:\/\/www.invityou.com\/aviso-legal\/"},"modified":"2026-04-07T17:18:58","modified_gmt":"2026-04-07T15:18:58","slug":"aviso-legal","status":"publish","type":"page","link":"https:\/\/www.invityou.com\/es\/aviso-legal\/","title":{"rendered":"Aviso legal"},"content":{"rendered":"\n<h2 class=\"wp-block-heading\"><strong>Editor de la p\u00e1gina web<\/strong><\/h2>\n\n\n\n<p>Esta p\u00e1gina web <a href=\"http:\/\/www.invityou.com\">www.invityou.com<\/a> (en adelante, la \u00abWeb\u00bb) est\u00e1 publicada por CORPO&#8217;EVENTS, el propietario exclusivo cuyos datos de contacto son los siguientes:<\/p>\n\n\n\n<p>CORPO&#8217;EVENTS, sociedad por acciones simplificada (SAS) con un capital de 63.320 \u20ac, inscrita en el Registro Mercantil de Montpellier bajo el n\u00famero 484 434 477, con domicilio social en 1415, Avenue Albert Einstein 34000 MONTPELLIER.<\/p>\n\n\n\n<h3 class=\"wp-block-heading\"><strong>Director de la publicaci\u00f3n<\/strong><\/h3>\n\n\n\n<p>El Director de publicaci\u00f3n de la Web es el Sr. Marc TUDELA, en su calidad de Presidente de la sociedad CORPO&#8217;EVENTS.<\/p>\n\n\n\n<h3 class=\"wp-block-heading\"><strong>Alojamiento de la p\u00e1gina web<\/strong><\/h3>\n\n\n\n<p>Sus Datos Personales est\u00e1n alojados por OVHCloud.<\/p>\n\n\n\n<p>OVH &#8211; SAS con un capital de 10.174.560 \u20ac<br>Domicilio social: 2 rue Kellermann &#8211; 59100 Roubaix &#8211; Francia<br>inscrita en el Registro Mercantil de Lille M\u00e9tropole bajo el n\u00famero 424 761 419 00045<br>C\u00f3digo APE 2620Z<br>N\u00famero de IVA: FR 22 424 761 419<\/p>\n\n\n\n<hr class=\"wp-block-separator has-text-color has-gray-shade-1-color has-alpha-channel-opacity has-gray-shade-1-background-color has-background is-style-wide\"\/>\n\n\n\n<h2 class=\"wp-block-heading\"><strong>Datos personales<\/strong><\/h2>\n\n\n\n<p>Para garantizar el cumplimiento de la normativa francesa y europea aplicable al tratamiento de los datos personales, CORPO&#8217;EVENTS le informa de que el tratamiento de dichos datos es <a href=\"https:\/\/www.invityou.com\/es\/privacidad-y-cookies\/\">objeto de una Pol\u00edtica de Confidencialidad y el uso de Cookies<\/a>\u00a0que puede consultar haciendo clic en lo anterior.\u00a0<\/p>\n\n\n\n<h2 class=\"wp-block-heading\"><strong>Contactar con nosotros<\/strong><\/h2>\n\n\n\n<p>Si tiene alguna pregunta o desea informaci\u00f3n, p\u00f3ngase en contacto con nosotros:<\/p>\n\n\n\n<ul class=\"wp-block-list\">\n<li>Por correo electr\u00f3nico a la siguiente direcci\u00f3n:&nbsp;<a href=\"mailto:contact@corpo-events.fr\">contact@corpo-events.fr<\/a> o<\/li>\n\n\n\n<li>Por correo a la siguiente direcci\u00f3n CORPO&#8217;EVENTS, 1415 Avenue Albert Einstein 34000 Montpellier<\/li>\n<\/ul>\n","protected":false},"excerpt":{"rendered":"<p>Editor de la p\u00e1gina web Esta p\u00e1gina web www.invityou.com (en adelante, la \u00abWeb\u00bb) est\u00e1 publicada por CORPO&#8217;EVENTS, el propietario exclusivo cuyos datos de contacto son los siguientes: CORPO&#8217;EVENTS, sociedad por acciones simplificada (SAS) con un capital de 63.320 \u20ac, inscrita en el Registro Mercantil de Montpellier bajo el n\u00famero 484 434 477, con domicilio social [&hellip;]<\/p>\n","protected":false},"author":1,"featured_media":0,"parent":0,"menu_order":0,"comment_status":"closed","ping_status":"closed","template":"","meta":{"_acf_changed":false,"inline_featured_image":false,"footnotes":""},"class_list":["post-5178","page","type-page","status-publish","hentry"],"acf":[],"yoast_head":"<!-- This site is optimized with the Yoast SEO plugin v27.4 - https:\/\/yoast.com\/product\/yoast-seo-wordpress\/ -->\n<title>Aviso legal de InvitYou por Corpo&#039;Events<\/title>\n<meta name=\"description\" content=\"Descubra las condiciones de utilizaci\u00f3n de la p\u00e1gina web para el usuario e informaci\u00f3n \u00fatil sobre el registro y el uso de cookies\" \/>\n<meta name=\"robots\" content=\"index, follow, max-snippet:-1, max-image-preview:large, max-video-preview:-1\" \/>\n<link rel=\"canonical\" href=\"https:\/\/www.invityou.com\/es\/aviso-legal\/\" \/>\n<meta property=\"og:locale\" content=\"es_ES\" \/>\n<meta property=\"og:type\" content=\"article\" \/>\n<meta property=\"og:title\" content=\"Aviso legal de InvitYou por Corpo&#039;Events\" \/>\n<meta property=\"og:description\" content=\"Descubra las condiciones de utilizaci\u00f3n de la p\u00e1gina web para el usuario e informaci\u00f3n \u00fatil sobre el registro y el uso de cookies\" \/>\n<meta property=\"og:url\" content=\"https:\/\/www.invityou.com\/es\/aviso-legal\/\" \/>\n<meta property=\"og:site_name\" content=\"InvitYou\" \/>\n<meta property=\"article:publisher\" content=\"https:\/\/www.facebook.com\/pages\/CorpoEvents\/167858103417650\" \/>\n<meta property=\"article:modified_time\" content=\"2026-04-07T15:18:58+00:00\" \/>\n<meta name=\"twitter:card\" content=\"summary_large_image\" \/>\n<meta name=\"twitter:site\" content=\"@corpo_events\" \/>\n<meta name=\"twitter:label1\" content=\"Tiempo de lectura\" \/>\n\t<meta name=\"twitter:data1\" content=\"2 minutos\" \/>\n<script type=\"application\/ld+json\" class=\"yoast-schema-graph\">{\"@context\":\"https:\\\/\\\/schema.org\",\"@graph\":[{\"@type\":\"WebPage\",\"@id\":\"https:\\\/\\\/www.invityou.com\\\/es\\\/aviso-legal\\\/\",\"url\":\"https:\\\/\\\/www.invityou.com\\\/es\\\/aviso-legal\\\/\",\"name\":\"Aviso legal de InvitYou por Corpo'Events\",\"isPartOf\":{\"@id\":\"https:\\\/\\\/www.invityou.com\\\/es\\\/#website\"},\"datePublished\":\"2022-04-29T12:35:15+00:00\",\"dateModified\":\"2026-04-07T15:18:58+00:00\",\"description\":\"Descubra las condiciones de utilizaci\u00f3n de la p\u00e1gina web para el usuario e informaci\u00f3n \u00fatil sobre el registro y el uso de cookies\",\"inLanguage\":\"es\",\"potentialAction\":[{\"@type\":\"ReadAction\",\"target\":[\"https:\\\/\\\/www.invityou.com\\\/es\\\/aviso-legal\\\/\"]}]},{\"@type\":\"WebSite\",\"@id\":\"https:\\\/\\\/www.invityou.com\\\/es\\\/#website\",\"url\":\"https:\\\/\\\/www.invityou.com\\\/es\\\/\",\"name\":\"InvitYou\",\"description\":\"Outil de gestion \u00e9v\u00e9nementiel\",\"publisher\":{\"@id\":\"https:\\\/\\\/www.invityou.com\\\/es\\\/#organization\"},\"potentialAction\":[{\"@type\":\"SearchAction\",\"target\":{\"@type\":\"EntryPoint\",\"urlTemplate\":\"https:\\\/\\\/www.invityou.com\\\/es\\\/?s={search_term_string}\"},\"query-input\":{\"@type\":\"PropertyValueSpecification\",\"valueRequired\":true,\"valueName\":\"search_term_string\"}}],\"inLanguage\":\"es\"},{\"@type\":\"Organization\",\"@id\":\"https:\\\/\\\/www.invityou.com\\\/es\\\/#organization\",\"name\":\"InvitYou by CorpoEvents\",\"url\":\"https:\\\/\\\/www.invityou.com\\\/es\\\/\",\"logo\":{\"@type\":\"ImageObject\",\"inLanguage\":\"es\",\"@id\":\"https:\\\/\\\/www.invityou.com\\\/es\\\/#\\\/schema\\\/logo\\\/image\\\/\",\"url\":\"https:\\\/\\\/www.invityou.com\\\/wp-content\\\/uploads\\\/2022\\\/05\\\/cropped-android-chrome-512x512-1.png\",\"contentUrl\":\"https:\\\/\\\/www.invityou.com\\\/wp-content\\\/uploads\\\/2022\\\/05\\\/cropped-android-chrome-512x512-1.png\",\"width\":512,\"height\":512,\"caption\":\"InvitYou by CorpoEvents\"},\"image\":{\"@id\":\"https:\\\/\\\/www.invityou.com\\\/es\\\/#\\\/schema\\\/logo\\\/image\\\/\"},\"sameAs\":[\"https:\\\/\\\/www.facebook.com\\\/pages\\\/CorpoEvents\\\/167858103417650\",\"https:\\\/\\\/x.com\\\/corpo_events\",\"https:\\\/\\\/www.linkedin.com\\\/company\\\/corpoevents\"]}]}<\/script>\n<!-- \/ Yoast SEO plugin. -->","yoast_head_json":{"title":"Aviso legal de InvitYou por Corpo'Events","description":"Descubra las condiciones de utilizaci\u00f3n de la p\u00e1gina web para el usuario e informaci\u00f3n \u00fatil sobre el registro y el uso de cookies","robots":{"index":"index","follow":"follow","max-snippet":"max-snippet:-1","max-image-preview":"max-image-preview:large","max-video-preview":"max-video-preview:-1"},"canonical":"https:\/\/www.invityou.com\/es\/aviso-legal\/","og_locale":"es_ES","og_type":"article","og_title":"Aviso legal de InvitYou por Corpo'Events","og_description":"Descubra las condiciones de utilizaci\u00f3n de la p\u00e1gina web para el usuario e informaci\u00f3n \u00fatil sobre el registro y el uso de cookies","og_url":"https:\/\/www.invityou.com\/es\/aviso-legal\/","og_site_name":"InvitYou","article_publisher":"https:\/\/www.facebook.com\/pages\/CorpoEvents\/167858103417650","article_modified_time":"2026-04-07T15:18:58+00:00","twitter_card":"summary_large_image","twitter_site":"@corpo_events","twitter_misc":{"Tiempo de lectura":"2 minutos"},"schema":{"@context":"https:\/\/schema.org","@graph":[{"@type":"WebPage","@id":"https:\/\/www.invityou.com\/es\/aviso-legal\/","url":"https:\/\/www.invityou.com\/es\/aviso-legal\/","name":"Aviso legal de InvitYou por Corpo'Events","isPartOf":{"@id":"https:\/\/www.invityou.com\/es\/#website"},"datePublished":"2022-04-29T12:35:15+00:00","dateModified":"2026-04-07T15:18:58+00:00","description":"Descubra las condiciones de utilizaci\u00f3n de la p\u00e1gina web para el usuario e informaci\u00f3n \u00fatil sobre el registro y el uso de cookies","inLanguage":"es","potentialAction":[{"@type":"ReadAction","target":["https:\/\/www.invityou.com\/es\/aviso-legal\/"]}]},{"@type":"WebSite","@id":"https:\/\/www.invityou.com\/es\/#website","url":"https:\/\/www.invityou.com\/es\/","name":"InvitYou","description":"Outil de gestion \u00e9v\u00e9nementiel","publisher":{"@id":"https:\/\/www.invityou.com\/es\/#organization"},"potentialAction":[{"@type":"SearchAction","target":{"@type":"EntryPoint","urlTemplate":"https:\/\/www.invityou.com\/es\/?s={search_term_string}"},"query-input":{"@type":"PropertyValueSpecification","valueRequired":true,"valueName":"search_term_string"}}],"inLanguage":"es"},{"@type":"Organization","@id":"https:\/\/www.invityou.com\/es\/#organization","name":"InvitYou by CorpoEvents","url":"https:\/\/www.invityou.com\/es\/","logo":{"@type":"ImageObject","inLanguage":"es","@id":"https:\/\/www.invityou.com\/es\/#\/schema\/logo\/image\/","url":"https:\/\/www.invityou.com\/wp-content\/uploads\/2022\/05\/cropped-android-chrome-512x512-1.png","contentUrl":"https:\/\/www.invityou.com\/wp-content\/uploads\/2022\/05\/cropped-android-chrome-512x512-1.png","width":512,"height":512,"caption":"InvitYou by CorpoEvents"},"image":{"@id":"https:\/\/www.invityou.com\/es\/#\/schema\/logo\/image\/"},"sameAs":["https:\/\/www.facebook.com\/pages\/CorpoEvents\/167858103417650","https:\/\/x.com\/corpo_events","https:\/\/www.linkedin.com\/company\/corpoevents"]}]}},"_links":{"self":[{"href":"https:\/\/www.invityou.com\/es\/wp-json\/wp\/v2\/pages\/5178","targetHints":{"allow":["GET"]}}],"collection":[{"href":"https:\/\/www.invityou.com\/es\/wp-json\/wp\/v2\/pages"}],"about":[{"href":"https:\/\/www.invityou.com\/es\/wp-json\/wp\/v2\/types\/page"}],"author":[{"embeddable":true,"href":"https:\/\/www.invityou.com\/es\/wp-json\/wp\/v2\/users\/1"}],"replies":[{"embeddable":true,"href":"https:\/\/www.invityou.com\/es\/wp-json\/wp\/v2\/comments?post=5178"}],"version-history":[{"count":3,"href":"https:\/\/www.invityou.com\/es\/wp-json\/wp\/v2\/pages\/5178\/revisions"}],"predecessor-version":[{"id":5781,"href":"https:\/\/www.invityou.com\/es\/wp-json\/wp\/v2\/pages\/5178\/revisions\/5781"}],"wp:attachment":[{"href":"https:\/\/www.invityou.com\/es\/wp-json\/wp\/v2\/media?parent=5178"}],"curies":[{"name":"wp","href":"https:\/\/api.w.org\/{rel}","templated":true}]}}