{"id":5182,"date":"2022-04-25T17:56:30","date_gmt":"2022-04-25T15:56:30","guid":{"rendered":"https:\/\/www.invityou.com\/invityou-una-herramienta-completa-y-una-oferta-personalizada\/"},"modified":"2026-04-07T17:14:51","modified_gmt":"2026-04-07T15:14:51","slug":"tarifas","status":"publish","type":"page","link":"https:\/\/www.invityou.com\/es\/tarifas\/","title":{"rendered":"InvitYou, una soluci\u00f3n completa y una oferta personalizada"},"content":{"rendered":"<section class=\"section-inner\">\n<div class=\"wrapper\">\n<div class=\"row center\">\n<div class=\"col s12\">\n<h2 class=\"h3\"><span class=\"primary-color\">Tarifa para un evento o para todo el a\u00f1o<\/span><br \/>\n\u00a1Eliges t\u00f9!<\/h2>\n<\/div>\n<\/div>\n<div class=\"row pricing-table\">\n<div class=\"col s12 l4 starter\">\n<div class=\"pack-info\">\n<div>\n<h3>Starter<small>One shot o licencia<\/small><\/h3>\n<div class=\"price\"><strong>354 \u20ac sin IVA<\/strong> \/ evento<br \/>\nTarifa para 16 eventos al a\u00f1o<\/div>\n<\/div>\n<ul class=\"options\">\n<li>P\u00e1gina de registro<\/li>\n<li>5 campa\u00f1as de emailing<\/li>\n<li>Estad\u00edsticas en tiempo real<\/li>\n<li>1 usuario<\/li>\n<li>Jefe de proyecto experto<\/li>\n<\/ul>\n<\/div>\n<div class=\"cta\"><button class=\"btn outline alt-2 js_contact\" data-offer=\"starter\">Presupuesto r\u00e1pido<\/button><\/div>\n<\/div>\n<div class=\"col s12 l4 premium\">\n<div class=\"pack-info\">\n<div>\n<h3>Premium<small>One shot o licencia<\/small><\/h3>\n<div class=\"price\"><strong>935 \u20ac sin IVA<\/strong> \/ evento<br \/>\nTarifa para 16 eventos al a\u00f1o<\/div>\n<\/div>\n<ul class=\"options\">\n<li><strong>Pack Starter<\/strong><\/li>\n<li>7 campa\u00f1as de emailing<\/li>\n<li>2 usuarios<\/li>\n<li>M\u00f3dulo de credenciales digitales<\/li>\n<li>Aplicaci\u00f3n de registro<\/li>\n<li>Encuesta de satisfacci\u00f3n<\/li>\n<\/ul>\n<\/div>\n<div class=\"cta\"><button class=\"btn outline accent js_contact\" data-offer=\"premium\">Presupuesto r\u00e1pido<\/button><\/div>\n<\/div>\n<div class=\"col s12 l4 custom\">\n<div class=\"pack-info\">\n<div>\n<h3>CUSTOM<br \/>\n<small>One shot o licencia<\/small><\/h3>\n<p class=\"price\"><strong>Tarifa ajustada<br \/>\n<\/strong>Funcionalidades ajustadas<\/p>\n<\/div>\n<ul class=\"options\">\n<li><strong>\u00a1Plataforma personalizada y jefe de proyecto experto!<\/strong><\/li>\n<li>Pack Starter o Premium<\/li>\n<li>Marca blanca completa<\/li>\n<li>Venta de entradas en l\u00ednea<\/li>\n<li>Alquiler de equipos<\/li>\n<li>Soporte t\u00e9cnico in situ<\/li>\n<\/ul>\n<\/div>\n<div class=\"cta\"><button class=\"btn outline js_contact\" data-offer=\"one-shot\">Presupuesto r\u00e1pido<\/button><\/div>\n<\/div>\n<\/div>\n<div class=\"row\">\n<div class=\"col s12 l10 offset-l1\">\n<div class=\"licence\">\n<div class=\"content\">\n<h3>\u00bfOrganizas varios eventos al a\u00f1o?<\/h3>\n<p>Ahorra dinero pasando en modo licencia. \u00a1Descubre nuestros paquetes llave en mano a precios atractivos!<\/p>\n<\/div>\n<div class=\"cta\"><a class=\"btn outline alt\" href=\"https:\/\/www.invityou.com\/es\/contacto\/\">\u00a1Contacta con nosotros!<\/a><\/div>\n<\/div>\n<\/div>\n<\/div>\n<\/div>\n<\/section>\n<section class=\"section-inner references\">\n<div class=\"wrapper\">\n<h2 class=\"h3\">Nuestros clientes est\u00e1n satisfechos<\/h2>\n<ul class=\"row clients\">\n<li class=\"col s6 m4 l2\"><img decoding=\"async\" src=\"https:\/\/www.invityou.com\/wp-content\/uploads\/2022\/05\/logo_ocp.svg\" alt=\"Logo OCP R\u00e9partition\" width=\"160\" \/><\/li>\n<li class=\"col s6 m4 l2\"><img decoding=\"async\" src=\"https:\/\/www.invityou.com\/wp-content\/uploads\/2022\/05\/logo_cci.svg\" alt=\"Logo CCI PARIS IDF\" width=\"160\" \/><\/li>\n<li class=\"col s6 m4 l2\"><img decoding=\"async\" src=\"https:\/\/www.invityou.com\/wp-content\/uploads\/2022\/05\/logo_capifrance.svg\" alt=\"Logo CAPI France\" width=\"160\" \/><\/li>\n<li class=\"col s6 m4 l2\"><img decoding=\"async\" src=\"https:\/\/www.invityou.com\/wp-content\/uploads\/2022\/05\/logo_synerciel.svg\" alt=\"Logo Synerciel\" width=\"160\" \/><\/li>\n<li class=\"col s6 m4 l2\"><img decoding=\"async\" src=\"https:\/\/www.invityou.com\/wp-content\/uploads\/2022\/05\/logo_onet.svg\" alt=\"Logo Onet\" width=\"160\" \/><\/li>\n<li class=\"col s6 m4 l2\"><img decoding=\"async\" src=\"https:\/\/www.invityou.com\/wp-content\/uploads\/2022\/05\/logo_airfrance.svg\" alt=\"Logo AIR France\" width=\"160\" \/><\/li>\n<\/ul>\n<hr class=\"spacer\" \/>\n<div class=\"row center\">\n<div class=\"col s12\">\n<h3><span class=\"primary-color\">y hablan de ello&#8230;<\/span><\/h3>\n<\/div>\n<\/div>\n<div class=\"row\">\n<div class=\"col s12 l4\">\n<p>Asistencia muy profesional con un equipo reactivo y disponible. Nuestras conversaciones son \u00f3ptimas tanto antes como durante el evento. Llevamos varios a\u00f1os trabajando juntos y seguimos estando muy satisfechos<br \/>\n<strong>CCI PARIS Ile-de-France<\/strong><\/p>\n<\/div>\n<div class=\"col s12 l4\">\n<p>Empezamos a trabajar con el equipo de InvitYou en abril de 2015, por voluntad de encontrar soluciones \u00f3ptimas para la gesti\u00f3n del p\u00fablico durante nuestros eventos. Gracias a un di\u00e1logo fluido, comprendieron r\u00e1pidamente nuestras necesidades espec\u00edficas y ofrecieron una atractiva respuesta. Estamos muy orgullosos de haber podido estrechar una colaboraci\u00f3n tan valiosa, y encantados de reconducir nuestra colaboraci\u00f3n con grandes proyectos en perspectiva\u00bb.<br \/>\n<strong>BFM Business<\/strong><\/p>\n<\/div>\n<div class=\"col s12 l4\">\n<p>La plataforma InvitYou es una ayuda muy valiosa para gestionar nuestros eventos anuales. Adem\u00e1s de ser intuitiva, es f\u00e1cil de usar y no requiere conocimientos particulares para su uso. Los equipos son muy reactivos y siempre han logrado responder a nuestras solicitudes a tiempo y con buen humor.<br \/>\n<strong>CAPI<\/strong><\/p>\n<\/div>\n<\/div>\n<\/div>\n<\/section>\n","protected":false},"excerpt":{"rendered":"<p>Tarifa para un evento o para todo el a\u00f1o \u00a1Eliges t\u00f9! StarterOne shot o licencia 354 \u20ac sin IVA \/ evento Tarifa para 16 eventos al a\u00f1o P\u00e1gina de registro 5 campa\u00f1as de emailing Estad\u00edsticas en tiempo real 1 usuario Jefe de proyecto experto Presupuesto r\u00e1pido PremiumOne shot o licencia 935 \u20ac sin IVA \/ [&hellip;]<\/p>\n","protected":false},"author":1,"featured_media":5085,"parent":0,"menu_order":0,"comment_status":"closed","ping_status":"closed","template":"template-hero.php","meta":{"_acf_changed":false,"inline_featured_image":false,"footnotes":""},"class_list":["post-5182","page","type-page","status-publish","has-post-thumbnail","hentry"],"acf":[],"yoast_head":"<!-- This site is optimized with the Yoast SEO plugin v27.4 - https:\/\/yoast.com\/product\/yoast-seo-wordpress\/ -->\n<title>InvitYou - Nuestras tarifas y ofertas a la carta<\/title>\n<meta name=\"description\" content=\"Descubra nuestros 3 paquetes y sus diferentes funcionalidades: creaci\u00f3n de soportes personalizados, invitaciones, recogida de informaci\u00f3n en tiempo real.\" \/>\n<meta name=\"robots\" content=\"index, follow, max-snippet:-1, max-image-preview:large, max-video-preview:-1\" \/>\n<link rel=\"canonical\" href=\"https:\/\/www.invityou.com\/es\/tarifas\/\" \/>\n<meta property=\"og:locale\" content=\"es_ES\" \/>\n<meta property=\"og:type\" content=\"article\" \/>\n<meta property=\"og:title\" content=\"InvitYou - Nuestras tarifas y ofertas a la carta\" \/>\n<meta property=\"og:description\" content=\"Descubra nuestros 3 paquetes y sus diferentes funcionalidades: creaci\u00f3n de soportes personalizados, invitaciones, recogida de informaci\u00f3n en tiempo real.\" \/>\n<meta property=\"og:url\" content=\"https:\/\/www.invityou.com\/es\/tarifas\/\" \/>\n<meta property=\"og:site_name\" content=\"InvitYou\" \/>\n<meta property=\"article:publisher\" content=\"https:\/\/www.facebook.com\/pages\/CorpoEvents\/167858103417650\" \/>\n<meta property=\"article:modified_time\" content=\"2026-04-07T15:14:51+00:00\" \/>\n<meta property=\"og:image\" content=\"https:\/\/www.invityou.com\/wp-content\/uploads\/2022\/05\/hero_tarif.png\" \/>\n\t<meta property=\"og:image:width\" content=\"2064\" \/>\n\t<meta property=\"og:image:height\" content=\"1632\" \/>\n\t<meta property=\"og:image:type\" content=\"image\/png\" \/>\n<meta name=\"twitter:card\" content=\"summary_large_image\" \/>\n<meta name=\"twitter:site\" content=\"@corpo_events\" \/>\n<meta name=\"twitter:label1\" content=\"Tiempo de lectura\" \/>\n\t<meta name=\"twitter:data1\" content=\"3 minutos\" \/>\n<script type=\"application\/ld+json\" class=\"yoast-schema-graph\">{\"@context\":\"https:\\\/\\\/schema.org\",\"@graph\":[{\"@type\":\"WebPage\",\"@id\":\"https:\\\/\\\/www.invityou.com\\\/es\\\/tarifas\\\/\",\"url\":\"https:\\\/\\\/www.invityou.com\\\/es\\\/tarifas\\\/\",\"name\":\"InvitYou - Nuestras tarifas y ofertas a la carta\",\"isPartOf\":{\"@id\":\"https:\\\/\\\/www.invityou.com\\\/es\\\/#website\"},\"primaryImageOfPage\":{\"@id\":\"https:\\\/\\\/www.invityou.com\\\/es\\\/tarifas\\\/#primaryimage\"},\"image\":{\"@id\":\"https:\\\/\\\/www.invityou.com\\\/es\\\/tarifas\\\/#primaryimage\"},\"thumbnailUrl\":\"https:\\\/\\\/www.invityou.com\\\/wp-content\\\/uploads\\\/2022\\\/05\\\/hero_tarif.png\",\"datePublished\":\"2022-04-25T15:56:30+00:00\",\"dateModified\":\"2026-04-07T15:14:51+00:00\",\"description\":\"Descubra nuestros 3 paquetes y sus diferentes funcionalidades: creaci\u00f3n de soportes personalizados, invitaciones, recogida de informaci\u00f3n en tiempo real.\",\"inLanguage\":\"es\",\"potentialAction\":[{\"@type\":\"ReadAction\",\"target\":[\"https:\\\/\\\/www.invityou.com\\\/es\\\/tarifas\\\/\"]}]},{\"@type\":\"ImageObject\",\"inLanguage\":\"es\",\"@id\":\"https:\\\/\\\/www.invityou.com\\\/es\\\/tarifas\\\/#primaryimage\",\"url\":\"https:\\\/\\\/www.invityou.com\\\/wp-content\\\/uploads\\\/2022\\\/05\\\/hero_tarif.png\",\"contentUrl\":\"https:\\\/\\\/www.invityou.com\\\/wp-content\\\/uploads\\\/2022\\\/05\\\/hero_tarif.png\",\"width\":2064,\"height\":1632,\"caption\":\"Visuel Invityou\"},{\"@type\":\"WebSite\",\"@id\":\"https:\\\/\\\/www.invityou.com\\\/es\\\/#website\",\"url\":\"https:\\\/\\\/www.invityou.com\\\/es\\\/\",\"name\":\"InvitYou\",\"description\":\"Outil de gestion \u00e9v\u00e9nementiel\",\"publisher\":{\"@id\":\"https:\\\/\\\/www.invityou.com\\\/es\\\/#organization\"},\"potentialAction\":[{\"@type\":\"SearchAction\",\"target\":{\"@type\":\"EntryPoint\",\"urlTemplate\":\"https:\\\/\\\/www.invityou.com\\\/es\\\/?s={search_term_string}\"},\"query-input\":{\"@type\":\"PropertyValueSpecification\",\"valueRequired\":true,\"valueName\":\"search_term_string\"}}],\"inLanguage\":\"es\"},{\"@type\":\"Organization\",\"@id\":\"https:\\\/\\\/www.invityou.com\\\/es\\\/#organization\",\"name\":\"InvitYou by CorpoEvents\",\"url\":\"https:\\\/\\\/www.invityou.com\\\/es\\\/\",\"logo\":{\"@type\":\"ImageObject\",\"inLanguage\":\"es\",\"@id\":\"https:\\\/\\\/www.invityou.com\\\/es\\\/#\\\/schema\\\/logo\\\/image\\\/\",\"url\":\"https:\\\/\\\/www.invityou.com\\\/wp-content\\\/uploads\\\/2022\\\/05\\\/cropped-android-chrome-512x512-1.png\",\"contentUrl\":\"https:\\\/\\\/www.invityou.com\\\/wp-content\\\/uploads\\\/2022\\\/05\\\/cropped-android-chrome-512x512-1.png\",\"width\":512,\"height\":512,\"caption\":\"InvitYou by CorpoEvents\"},\"image\":{\"@id\":\"https:\\\/\\\/www.invityou.com\\\/es\\\/#\\\/schema\\\/logo\\\/image\\\/\"},\"sameAs\":[\"https:\\\/\\\/www.facebook.com\\\/pages\\\/CorpoEvents\\\/167858103417650\",\"https:\\\/\\\/x.com\\\/corpo_events\",\"https:\\\/\\\/www.linkedin.com\\\/company\\\/corpoevents\"]}]}<\/script>\n<!-- \/ Yoast SEO plugin. -->","yoast_head_json":{"title":"InvitYou - Nuestras tarifas y ofertas a la carta","description":"Descubra nuestros 3 paquetes y sus diferentes funcionalidades: creaci\u00f3n de soportes personalizados, invitaciones, recogida de informaci\u00f3n en tiempo real.","robots":{"index":"index","follow":"follow","max-snippet":"max-snippet:-1","max-image-preview":"max-image-preview:large","max-video-preview":"max-video-preview:-1"},"canonical":"https:\/\/www.invityou.com\/es\/tarifas\/","og_locale":"es_ES","og_type":"article","og_title":"InvitYou - Nuestras tarifas y ofertas a la carta","og_description":"Descubra nuestros 3 paquetes y sus diferentes funcionalidades: creaci\u00f3n de soportes personalizados, invitaciones, recogida de informaci\u00f3n en tiempo real.","og_url":"https:\/\/www.invityou.com\/es\/tarifas\/","og_site_name":"InvitYou","article_publisher":"https:\/\/www.facebook.com\/pages\/CorpoEvents\/167858103417650","article_modified_time":"2026-04-07T15:14:51+00:00","og_image":[{"width":2064,"height":1632,"url":"https:\/\/www.invityou.com\/wp-content\/uploads\/2022\/05\/hero_tarif.png","type":"image\/png"}],"twitter_card":"summary_large_image","twitter_site":"@corpo_events","twitter_misc":{"Tiempo de lectura":"3 minutos"},"schema":{"@context":"https:\/\/schema.org","@graph":[{"@type":"WebPage","@id":"https:\/\/www.invityou.com\/es\/tarifas\/","url":"https:\/\/www.invityou.com\/es\/tarifas\/","name":"InvitYou - Nuestras tarifas y ofertas a la carta","isPartOf":{"@id":"https:\/\/www.invityou.com\/es\/#website"},"primaryImageOfPage":{"@id":"https:\/\/www.invityou.com\/es\/tarifas\/#primaryimage"},"image":{"@id":"https:\/\/www.invityou.com\/es\/tarifas\/#primaryimage"},"thumbnailUrl":"https:\/\/www.invityou.com\/wp-content\/uploads\/2022\/05\/hero_tarif.png","datePublished":"2022-04-25T15:56:30+00:00","dateModified":"2026-04-07T15:14:51+00:00","description":"Descubra nuestros 3 paquetes y sus diferentes funcionalidades: creaci\u00f3n de soportes personalizados, invitaciones, recogida de informaci\u00f3n en tiempo real.","inLanguage":"es","potentialAction":[{"@type":"ReadAction","target":["https:\/\/www.invityou.com\/es\/tarifas\/"]}]},{"@type":"ImageObject","inLanguage":"es","@id":"https:\/\/www.invityou.com\/es\/tarifas\/#primaryimage","url":"https:\/\/www.invityou.com\/wp-content\/uploads\/2022\/05\/hero_tarif.png","contentUrl":"https:\/\/www.invityou.com\/wp-content\/uploads\/2022\/05\/hero_tarif.png","width":2064,"height":1632,"caption":"Visuel Invityou"},{"@type":"WebSite","@id":"https:\/\/www.invityou.com\/es\/#website","url":"https:\/\/www.invityou.com\/es\/","name":"InvitYou","description":"Outil de gestion \u00e9v\u00e9nementiel","publisher":{"@id":"https:\/\/www.invityou.com\/es\/#organization"},"potentialAction":[{"@type":"SearchAction","target":{"@type":"EntryPoint","urlTemplate":"https:\/\/www.invityou.com\/es\/?s={search_term_string}"},"query-input":{"@type":"PropertyValueSpecification","valueRequired":true,"valueName":"search_term_string"}}],"inLanguage":"es"},{"@type":"Organization","@id":"https:\/\/www.invityou.com\/es\/#organization","name":"InvitYou by CorpoEvents","url":"https:\/\/www.invityou.com\/es\/","logo":{"@type":"ImageObject","inLanguage":"es","@id":"https:\/\/www.invityou.com\/es\/#\/schema\/logo\/image\/","url":"https:\/\/www.invityou.com\/wp-content\/uploads\/2022\/05\/cropped-android-chrome-512x512-1.png","contentUrl":"https:\/\/www.invityou.com\/wp-content\/uploads\/2022\/05\/cropped-android-chrome-512x512-1.png","width":512,"height":512,"caption":"InvitYou by CorpoEvents"},"image":{"@id":"https:\/\/www.invityou.com\/es\/#\/schema\/logo\/image\/"},"sameAs":["https:\/\/www.facebook.com\/pages\/CorpoEvents\/167858103417650","https:\/\/x.com\/corpo_events","https:\/\/www.linkedin.com\/company\/corpoevents"]}]}},"_links":{"self":[{"href":"https:\/\/www.invityou.com\/es\/wp-json\/wp\/v2\/pages\/5182","targetHints":{"allow":["GET"]}}],"collection":[{"href":"https:\/\/www.invityou.com\/es\/wp-json\/wp\/v2\/pages"}],"about":[{"href":"https:\/\/www.invityou.com\/es\/wp-json\/wp\/v2\/types\/page"}],"author":[{"embeddable":true,"href":"https:\/\/www.invityou.com\/es\/wp-json\/wp\/v2\/users\/1"}],"replies":[{"embeddable":true,"href":"https:\/\/www.invityou.com\/es\/wp-json\/wp\/v2\/comments?post=5182"}],"version-history":[{"count":3,"href":"https:\/\/www.invityou.com\/es\/wp-json\/wp\/v2\/pages\/5182\/revisions"}],"predecessor-version":[{"id":5789,"href":"https:\/\/www.invityou.com\/es\/wp-json\/wp\/v2\/pages\/5182\/revisions\/5789"}],"wp:featuredmedia":[{"embeddable":true,"href":"https:\/\/www.invityou.com\/es\/wp-json\/wp\/v2\/media\/5085"}],"wp:attachment":[{"href":"https:\/\/www.invityou.com\/es\/wp-json\/wp\/v2\/media?parent=5182"}],"curies":[{"name":"wp","href":"https:\/\/api.w.org\/{rel}","templated":true}]}}