{"id":5183,"date":"2022-04-25T15:36:07","date_gmt":"2022-04-25T13:36:07","guid":{"rendered":"https:\/\/www.invityou.com\/invityou-la-herramienta-ideal-para-gestionar-sus-eventos-con-mas-serenidad\/"},"modified":"2026-04-08T16:06:38","modified_gmt":"2026-04-08T14:06:38","slug":"plataforma","status":"publish","type":"page","link":"https:\/\/www.invityou.com\/es\/plataforma\/","title":{"rendered":"InvitYou, la herramienta ideal para mejorar la gestion de tus eventos"},"content":{"rendered":"<section class=\"section-inner\">\n<div class=\"wrapper\">\n<div class=\"row center\">\n<div class=\"col s12\">\n<h2 class=\"h3\"><span class=\"primary-color\">D\u00e9jate orientar<\/span><br \/>\npaso a paso.<\/h2>\n<\/div>\n<\/div>\n<ul class=\"step-by-step\">\n<li class=\"step-1\">\n<div class=\"step--numb\">1<\/div>\n<div class=\"step--title\">Crea tu evento en 2 clics, 3 movimientos<\/div>\n<div class=\"step--desc\">Dale vida a tu futuro seminario o velada corporativa, creando una p\u00e1gina web que destaca. Marca las casillas para establecer el modo de registro. Elije el dise\u00f1o que prefieres y \u00a1deja entrar a tus invitados!<\/div>\n<\/li>\n<li class=\"step-2\">\n<div class=\"step--numb\">2<\/div>\n<div class=\"step--title\">Asistencia permanente<\/div>\n<div class=\"step--desc\">Tu llevas las riendas, con el apoyo de nuestro gestor de proyecto experto y dedicado a tu evento. \u00bfAlguna duda, consejo o pregunta? Nuestro equipo queda a tu disposici\u00f3n para comentarlo.<\/div>\n<\/li>\n<li class=\"step-3\">\n<div class=\"step--numb\">3<\/div>\n<div class=\"step--title\">Un listado detallado para preparar tus invitaciones<\/div>\n<div class=\"step--desc\">Importa tu lista de invitados y env\u00eda invitaciones personalizadas. \u00a1Y, s\u00ed! Te damos un poco de trabajo.<\/div>\n<\/li>\n<li class=\"step-4\">\n<div class=\"step--numb\">4<\/div>\n<div class=\"step--title\">Organizaci\u00f3n automatizada y sin fallos<\/div>\n<div class=\"step--desc\">Nuestra herramienta recopila y clasifica las respuestas para ahorrarte tiempo. \u00a1Es una ayuda inestimable para facilitar la organizaci\u00f3n!<\/div>\n<\/li>\n<li class=\"step-5\">\n<div class=\"step--numb\">5<\/div>\n<div class=\"step--title\">Centraliza aqu\u00ed tu gesti\u00f3n<\/div>\n<div class=\"step--desc\">Invitaciones, recordatorios, pagos, facturas&#8230; Gestiona tus documentos y tu presupuesto consultando tu dashboard. Re\u00fane y filtra toda la informaci\u00f3n \u00fatil.<\/div>\n<\/li>\n<li class=\"step-6\">\n<div class=\"step--numb\">6<\/div>\n<div class=\"step--title\">Registro ultra r\u00e1pido y c\u00e1lida bienvenida<\/div>\n<div class=\"step--desc\">El gran d\u00eda, utiliza nuestra soluci\u00f3n de registro todo en uno y deja entrar r\u00e1pidamente a tus participantes. \u00a1As\u00ed de sencillo!<\/div>\n<\/li>\n<\/ul>\n<\/div>\n<\/section>\n<section class=\"section-inner\">\n<div class=\"wrapper\">\n<div class=\"row center\">\n<div class=\"col s12\">\n<h3>\u00a1Plan\u00edficalo todo con InvitYou!<\/h3>\n<p class=\"text-large\">\u00bfNecesitas hablar de tu proyecto con un experto en organizaci\u00f3n de eventos?<\/p>\n<p><a class=\"btn outline\" href=\"https:\/\/www.invityou.com\/es\/contacto\/\">Contacta con nosotros<\/a><\/p>\n<\/div>\n<\/div>\n<\/div>\n<\/section>\n<div id=\"fonctionnalites\" class=\"section-inner\">\n<div class=\"wrapper\">\n<ul class=\"row features\">\n<li class=\"col s12 m6 l4\">\n<figure><img decoding=\"async\" src=\"https:\/\/www.invityou.com\/wp-content\/uploads\/2022\/04\/icon_web.svg\" alt=\"Site internet personnalis\u00e9\" \/><\/figure>\n<div class=\"content\">\n<h3 class=\"h5\">P\u00e1gina web de registro<\/h3>\n<p>Personaliza tu p\u00e1gina de inscripci\u00f3n seg\u00fan tu evento: socios, ponentes, fotos, v\u00eddeos, programa y mapa de acceso.<\/p>\n<\/div>\n<\/li>\n<li class=\"col s12 m6 l4\">\n<figure><img decoding=\"async\" src=\"https:\/\/www.invityou.com\/wp-content\/uploads\/2022\/04\/icon_listing.svg\" alt=\"Liste et invitations\" \/><\/figure>\n<div class=\"content\">\n<h3 class=\"h5\">Listados e invitaciones<\/h3>\n<p>Gestiona tus campa\u00f1as de emailing en unos clics: invitaciones, recordatorios, agradecimientos, cuestionarios y comentarios.<\/p>\n<\/div>\n<\/li>\n<li class=\"col s12 m6 l4\">\n<figure><img decoding=\"async\" src=\"https:\/\/www.invityou.com\/wp-content\/uploads\/2022\/04\/icon_gestion.svg\" alt=\"gestion et organisation\" \/><\/figure>\n<div class=\"content\">\n<h3 class=\"h5\">Gesti\u00f3n y organizaci\u00f3n<\/h3>\n<p>Actualizaci\u00f3n autom\u00e1tica de la base de datos, seguimiento de cuotas, configuraci\u00f3n de derechos de usuario, etc. \u00a1Ahorra tiempo en tu organizaci\u00f3n!<\/p>\n<\/div>\n<\/li>\n<li class=\"col s12 m6 l4\">\n<figure><img decoding=\"async\" src=\"https:\/\/www.invityou.com\/wp-content\/uploads\/2022\/04\/icon_billeterie.svg\" alt=\"Billeterie\" \/><\/figure>\n<div class=\"content\">\n<h3 class=\"h5\">Venta y facturaci\u00f3n<\/h3>\n<p>N\u00famero de entradas vendidas, importe y evoluci\u00f3n de las ventas, detalles de las transacciones&#8230; Controla tu presupuesto.<\/p>\n<\/div>\n<\/li>\n<li class=\"col s12 m6 l4\">\n<figure><img decoding=\"async\" src=\"https:\/\/www.invityou.com\/wp-content\/uploads\/2022\/04\/icon_stat.svg\" alt=\"Statistiques et donn\u00e9es\" \/><\/figure>\n<div class=\"content\">\n<h3 class=\"h5\">Datos y estad\u00edsticas<\/h3>\n<p>Analiza los \u00edndices de apertura y la entregabilidad despu\u00e9s de los env\u00edos de emailing. Centraliza las respuestas de los invitados y antic\u00edpate al \u00edndice de participaci\u00f3n.<\/p>\n<\/div>\n<\/li>\n<li class=\"col s12 m6 l4\">\n<figure><img decoding=\"async\" src=\"https:\/\/www.invityou.com\/wp-content\/uploads\/2022\/04\/icon_checkin.svg\" alt=\"Accueil et checkin\" \/><\/figure>\n<div class=\"content\">\n<h3 class=\"h5\">Check-in con c\u00f3digos QR<\/h3>\n<p>In situ, disfruta de una gesti\u00f3n fluida y controlada. Escanea los c\u00f3digos QR, accede a los perfiles de los invitados y consulta las estad\u00edsticas, sin l\u00edmites.<\/p>\n<\/div>\n<\/li>\n<\/ul>\n<\/div>\n<\/div>\n<section class=\"section-inner\">\n<div class=\"wrapper\">\n<div class=\"row\">\n<div class=\"col s12\">\n<h3>InvitYou se compromete&#8230;<\/h3>\n<\/div>\n<\/div>\n<ul class=\"row arguments\">\n<li class=\"col s12 l6 card card-horizontale\">\n<figure><img decoding=\"async\" src=\"https:\/\/www.invityou.com\/wp-content\/uploads\/2022\/04\/securite.jpg\" alt=\"Protection des donn\u00e9es\" \/><\/figure>\n<div class=\"inner\">\n<h4 class=\"h6\">Protecci\u00f3n de datos<\/h4>\n<p>Todos los datos utilizados son confidenciales y est\u00e1n protegidos en servidores espec\u00edficos. \u00a1Certificado de RGPD y auditor\u00eda de seguridad para respaldarlo!<\/p>\n<\/div>\n<\/li>\n<li class=\"col s12 l6 card card-horizontale\">\n<figure><img decoding=\"async\" src=\"https:\/\/www.invityou.com\/wp-content\/uploads\/2022\/05\/engagement-1.jpg\" alt=\"Personnalisation et suivi\" \/><\/figure>\n<div class=\"inner\">\n<h4 class=\"h6\">Soporte y experiencia<\/h4>\n<p>Disfrute de la asistencia personalizada de Corpo&#8217;Events, experto en gesti\u00f3n de eventos. Con m\u00e1s de 1.000 eventos organizados para 600 clientes, dominamos a la perfecci\u00f3n todos los formatos de eventos BtoB.<\/p>\n<\/div>\n<\/li>\n<li class=\"col s12 l6 card card-horizontale\">\n<figure><img decoding=\"async\" src=\"https:\/\/www.invityou.com\/wp-content\/uploads\/2022\/05\/partenariat.jpg\" alt=\"Partenariats\" \/><\/figure>\n<div class=\"inner\">\n<h4 class=\"h6\">Colaboraciones a largo plazo<\/h4>\n<p>BPI France e IRDI Capital investissement se unieron a la aventura InvitYou desde octubre de 2014. Una captaci\u00f3n de fondos nos ha permitido reforzar el equipo para ofrecerle una herramienta cada vez m\u00e1s completa, sencilla e intuitiva.<\/p>\n<\/div>\n<\/li>\n<li class=\"col s12 l6 card card-horizontale\">\n<figure><img decoding=\"async\" src=\"https:\/\/www.invityou.com\/wp-content\/uploads\/2022\/05\/engagement.jpg\" alt=\"Engagement\" \/><\/figure>\n<div class=\"inner\">\n<h4 class=\"h6\">Compromiso humano<\/h4>\n<p>\u00bfRepresentas un organismo humanitario? Utiliza InvitYou de forma gratuita, para promocionar tus eventos y recaudar donativos. No dudes en ponerte en contacto con nosotros para establecer una colaboraci\u00f3n. \u00a1Nuestro equipo puede ayudarte en todas tus acciones solidarias!<\/p>\n<\/div>\n<\/li>\n<\/ul>\n<\/div>\n<\/section>\n","protected":false},"excerpt":{"rendered":"<p>D\u00e9jate orientar paso a paso. 1 Crea tu evento en 2 clics, 3 movimientos Dale vida a tu futuro seminario o velada corporativa, creando una p\u00e1gina web que destaca. Marca las casillas para establecer el modo de registro. Elije el dise\u00f1o que prefieres y \u00a1deja entrar a tus invitados! 2 Asistencia permanente Tu llevas las [&hellip;]<\/p>\n","protected":false},"author":1,"featured_media":5084,"parent":0,"menu_order":0,"comment_status":"closed","ping_status":"closed","template":"template-hero.php","meta":{"_acf_changed":false,"inline_featured_image":false,"footnotes":""},"class_list":["post-5183","page","type-page","status-publish","has-post-thumbnail","hentry"],"acf":[],"yoast_head":"<!-- This site is optimized with the Yoast SEO plugin v27.4 - https:\/\/yoast.com\/product\/yoast-seo-wordpress\/ -->\n<title>la herramienta ideal para mejorar la gestion de tus eventos<\/title>\n<meta name=\"description\" content=\"InvitYou, la herramienta ideal para la gesti\u00f3n de eventos: centraliza invitaciones, registros, check-in y an\u00e1lisis en una \u00fanica plataforma.\" \/>\n<meta name=\"robots\" content=\"index, follow, max-snippet:-1, max-image-preview:large, max-video-preview:-1\" \/>\n<link rel=\"canonical\" href=\"https:\/\/www.invityou.com\/es\/plataforma\/\" \/>\n<meta property=\"og:locale\" content=\"es_ES\" \/>\n<meta property=\"og:type\" content=\"article\" \/>\n<meta property=\"og:title\" content=\"la herramienta ideal para mejorar la gestion de tus eventos\" \/>\n<meta property=\"og:description\" content=\"InvitYou, la herramienta ideal para la gesti\u00f3n de eventos: centraliza invitaciones, registros, check-in y an\u00e1lisis en una \u00fanica plataforma.\" \/>\n<meta property=\"og:url\" content=\"https:\/\/www.invityou.com\/es\/plataforma\/\" \/>\n<meta property=\"og:site_name\" content=\"InvitYou\" \/>\n<meta property=\"article:publisher\" content=\"https:\/\/www.facebook.com\/pages\/CorpoEvents\/167858103417650\" \/>\n<meta property=\"article:modified_time\" content=\"2026-04-08T14:06:38+00:00\" \/>\n<meta property=\"og:image\" content=\"https:\/\/www.invityou.com\/wp-content\/uploads\/2022\/05\/hero_outil.png\" \/>\n\t<meta property=\"og:image:width\" content=\"2064\" \/>\n\t<meta property=\"og:image:height\" content=\"1632\" \/>\n\t<meta property=\"og:image:type\" content=\"image\/png\" \/>\n<meta name=\"twitter:card\" content=\"summary_large_image\" \/>\n<meta name=\"twitter:site\" content=\"@corpo_events\" \/>\n<meta name=\"twitter:label1\" content=\"Tiempo de lectura\" \/>\n\t<meta name=\"twitter:data1\" content=\"5 minutos\" \/>\n<script type=\"application\/ld+json\" class=\"yoast-schema-graph\">{\"@context\":\"https:\\\/\\\/schema.org\",\"@graph\":[{\"@type\":\"WebPage\",\"@id\":\"https:\\\/\\\/www.invityou.com\\\/es\\\/plataforma\\\/\",\"url\":\"https:\\\/\\\/www.invityou.com\\\/es\\\/plataforma\\\/\",\"name\":\"la herramienta ideal para mejorar la gestion de tus eventos\",\"isPartOf\":{\"@id\":\"https:\\\/\\\/www.invityou.com\\\/es\\\/#website\"},\"primaryImageOfPage\":{\"@id\":\"https:\\\/\\\/www.invityou.com\\\/es\\\/plataforma\\\/#primaryimage\"},\"image\":{\"@id\":\"https:\\\/\\\/www.invityou.com\\\/es\\\/plataforma\\\/#primaryimage\"},\"thumbnailUrl\":\"https:\\\/\\\/www.invityou.com\\\/wp-content\\\/uploads\\\/2022\\\/05\\\/hero_outil.png\",\"datePublished\":\"2022-04-25T13:36:07+00:00\",\"dateModified\":\"2026-04-08T14:06:38+00:00\",\"description\":\"InvitYou, la herramienta ideal para la gesti\u00f3n de eventos: centraliza invitaciones, registros, check-in y an\u00e1lisis en una \u00fanica plataforma.\",\"inLanguage\":\"es\",\"potentialAction\":[{\"@type\":\"ReadAction\",\"target\":[\"https:\\\/\\\/www.invityou.com\\\/es\\\/plataforma\\\/\"]}]},{\"@type\":\"ImageObject\",\"inLanguage\":\"es\",\"@id\":\"https:\\\/\\\/www.invityou.com\\\/es\\\/plataforma\\\/#primaryimage\",\"url\":\"https:\\\/\\\/www.invityou.com\\\/wp-content\\\/uploads\\\/2022\\\/05\\\/hero_outil.png\",\"contentUrl\":\"https:\\\/\\\/www.invityou.com\\\/wp-content\\\/uploads\\\/2022\\\/05\\\/hero_outil.png\",\"width\":2064,\"height\":1632,\"caption\":\"Visuel Invityou 3\"},{\"@type\":\"WebSite\",\"@id\":\"https:\\\/\\\/www.invityou.com\\\/es\\\/#website\",\"url\":\"https:\\\/\\\/www.invityou.com\\\/es\\\/\",\"name\":\"InvitYou\",\"description\":\"Outil de gestion \u00e9v\u00e9nementiel\",\"publisher\":{\"@id\":\"https:\\\/\\\/www.invityou.com\\\/es\\\/#organization\"},\"potentialAction\":[{\"@type\":\"SearchAction\",\"target\":{\"@type\":\"EntryPoint\",\"urlTemplate\":\"https:\\\/\\\/www.invityou.com\\\/es\\\/?s={search_term_string}\"},\"query-input\":{\"@type\":\"PropertyValueSpecification\",\"valueRequired\":true,\"valueName\":\"search_term_string\"}}],\"inLanguage\":\"es\"},{\"@type\":\"Organization\",\"@id\":\"https:\\\/\\\/www.invityou.com\\\/es\\\/#organization\",\"name\":\"InvitYou by CorpoEvents\",\"url\":\"https:\\\/\\\/www.invityou.com\\\/es\\\/\",\"logo\":{\"@type\":\"ImageObject\",\"inLanguage\":\"es\",\"@id\":\"https:\\\/\\\/www.invityou.com\\\/es\\\/#\\\/schema\\\/logo\\\/image\\\/\",\"url\":\"https:\\\/\\\/www.invityou.com\\\/wp-content\\\/uploads\\\/2022\\\/05\\\/cropped-android-chrome-512x512-1.png\",\"contentUrl\":\"https:\\\/\\\/www.invityou.com\\\/wp-content\\\/uploads\\\/2022\\\/05\\\/cropped-android-chrome-512x512-1.png\",\"width\":512,\"height\":512,\"caption\":\"InvitYou by CorpoEvents\"},\"image\":{\"@id\":\"https:\\\/\\\/www.invityou.com\\\/es\\\/#\\\/schema\\\/logo\\\/image\\\/\"},\"sameAs\":[\"https:\\\/\\\/www.facebook.com\\\/pages\\\/CorpoEvents\\\/167858103417650\",\"https:\\\/\\\/x.com\\\/corpo_events\",\"https:\\\/\\\/www.linkedin.com\\\/company\\\/corpoevents\"]}]}<\/script>\n<!-- \/ Yoast SEO plugin. -->","yoast_head_json":{"title":"la herramienta ideal para mejorar la gestion de tus eventos","description":"InvitYou, la herramienta ideal para la gesti\u00f3n de eventos: centraliza invitaciones, registros, check-in y an\u00e1lisis en una \u00fanica plataforma.","robots":{"index":"index","follow":"follow","max-snippet":"max-snippet:-1","max-image-preview":"max-image-preview:large","max-video-preview":"max-video-preview:-1"},"canonical":"https:\/\/www.invityou.com\/es\/plataforma\/","og_locale":"es_ES","og_type":"article","og_title":"la herramienta ideal para mejorar la gestion de tus eventos","og_description":"InvitYou, la herramienta ideal para la gesti\u00f3n de eventos: centraliza invitaciones, registros, check-in y an\u00e1lisis en una \u00fanica plataforma.","og_url":"https:\/\/www.invityou.com\/es\/plataforma\/","og_site_name":"InvitYou","article_publisher":"https:\/\/www.facebook.com\/pages\/CorpoEvents\/167858103417650","article_modified_time":"2026-04-08T14:06:38+00:00","og_image":[{"width":2064,"height":1632,"url":"https:\/\/www.invityou.com\/wp-content\/uploads\/2022\/05\/hero_outil.png","type":"image\/png"}],"twitter_card":"summary_large_image","twitter_site":"@corpo_events","twitter_misc":{"Tiempo de lectura":"5 minutos"},"schema":{"@context":"https:\/\/schema.org","@graph":[{"@type":"WebPage","@id":"https:\/\/www.invityou.com\/es\/plataforma\/","url":"https:\/\/www.invityou.com\/es\/plataforma\/","name":"la herramienta ideal para mejorar la gestion de tus eventos","isPartOf":{"@id":"https:\/\/www.invityou.com\/es\/#website"},"primaryImageOfPage":{"@id":"https:\/\/www.invityou.com\/es\/plataforma\/#primaryimage"},"image":{"@id":"https:\/\/www.invityou.com\/es\/plataforma\/#primaryimage"},"thumbnailUrl":"https:\/\/www.invityou.com\/wp-content\/uploads\/2022\/05\/hero_outil.png","datePublished":"2022-04-25T13:36:07+00:00","dateModified":"2026-04-08T14:06:38+00:00","description":"InvitYou, la herramienta ideal para la gesti\u00f3n de eventos: centraliza invitaciones, registros, check-in y an\u00e1lisis en una \u00fanica plataforma.","inLanguage":"es","potentialAction":[{"@type":"ReadAction","target":["https:\/\/www.invityou.com\/es\/plataforma\/"]}]},{"@type":"ImageObject","inLanguage":"es","@id":"https:\/\/www.invityou.com\/es\/plataforma\/#primaryimage","url":"https:\/\/www.invityou.com\/wp-content\/uploads\/2022\/05\/hero_outil.png","contentUrl":"https:\/\/www.invityou.com\/wp-content\/uploads\/2022\/05\/hero_outil.png","width":2064,"height":1632,"caption":"Visuel Invityou 3"},{"@type":"WebSite","@id":"https:\/\/www.invityou.com\/es\/#website","url":"https:\/\/www.invityou.com\/es\/","name":"InvitYou","description":"Outil de gestion \u00e9v\u00e9nementiel","publisher":{"@id":"https:\/\/www.invityou.com\/es\/#organization"},"potentialAction":[{"@type":"SearchAction","target":{"@type":"EntryPoint","urlTemplate":"https:\/\/www.invityou.com\/es\/?s={search_term_string}"},"query-input":{"@type":"PropertyValueSpecification","valueRequired":true,"valueName":"search_term_string"}}],"inLanguage":"es"},{"@type":"Organization","@id":"https:\/\/www.invityou.com\/es\/#organization","name":"InvitYou by CorpoEvents","url":"https:\/\/www.invityou.com\/es\/","logo":{"@type":"ImageObject","inLanguage":"es","@id":"https:\/\/www.invityou.com\/es\/#\/schema\/logo\/image\/","url":"https:\/\/www.invityou.com\/wp-content\/uploads\/2022\/05\/cropped-android-chrome-512x512-1.png","contentUrl":"https:\/\/www.invityou.com\/wp-content\/uploads\/2022\/05\/cropped-android-chrome-512x512-1.png","width":512,"height":512,"caption":"InvitYou by CorpoEvents"},"image":{"@id":"https:\/\/www.invityou.com\/es\/#\/schema\/logo\/image\/"},"sameAs":["https:\/\/www.facebook.com\/pages\/CorpoEvents\/167858103417650","https:\/\/x.com\/corpo_events","https:\/\/www.linkedin.com\/company\/corpoevents"]}]}},"_links":{"self":[{"href":"https:\/\/www.invityou.com\/es\/wp-json\/wp\/v2\/pages\/5183","targetHints":{"allow":["GET"]}}],"collection":[{"href":"https:\/\/www.invityou.com\/es\/wp-json\/wp\/v2\/pages"}],"about":[{"href":"https:\/\/www.invityou.com\/es\/wp-json\/wp\/v2\/types\/page"}],"author":[{"embeddable":true,"href":"https:\/\/www.invityou.com\/es\/wp-json\/wp\/v2\/users\/1"}],"replies":[{"embeddable":true,"href":"https:\/\/www.invityou.com\/es\/wp-json\/wp\/v2\/comments?post=5183"}],"version-history":[{"count":4,"href":"https:\/\/www.invityou.com\/es\/wp-json\/wp\/v2\/pages\/5183\/revisions"}],"predecessor-version":[{"id":5941,"href":"https:\/\/www.invityou.com\/es\/wp-json\/wp\/v2\/pages\/5183\/revisions\/5941"}],"wp:featuredmedia":[{"embeddable":true,"href":"https:\/\/www.invityou.com\/es\/wp-json\/wp\/v2\/media\/5084"}],"wp:attachment":[{"href":"https:\/\/www.invityou.com\/es\/wp-json\/wp\/v2\/media?parent=5183"}],"curies":[{"name":"wp","href":"https:\/\/api.w.org\/{rel}","templated":true}]}}